{"id":704052,"date":"2025-12-23T12:03:47","date_gmt":"2025-12-23T09:03:47","guid":{"rendered":"https:\/\/nbg.eu\/product\/bando-vaska\/"},"modified":"2026-04-15T14:45:33","modified_gmt":"2026-04-15T11:45:33","slug":"bando-vaska","status":"publish","type":"product","link":"https:\/\/nbg.eu\/sv\/produkt\/bando-vaska\/","title":{"rendered":"Eberlestock V\u00e4ska Bando"},"content":{"rendered":"<h2>Bando-v\u00e4skan: Bekv\u00e4m och l\u00e4ttdragen EDC-transport<\/h2>\n<p>Bando-v\u00e4skan \u00e4r en l\u00e4ttdragen och bekv\u00e4m l\u00f6sning f\u00f6r att transportera dina EDC-f\u00f6rem\u00e5l. En helficka p\u00e5 baksidan av Bando m\u00e4ter 5,5 tum h\u00f6g x 9,5 tum bred x 1 tum djup, tillr\u00e4ckligt stor f\u00f6r att s\u00e4kra de flesta subkompakta och kompakta sidovapen som Glock-19 och liknande storlekar. Huvudfacket har en inv\u00e4ndig meshficka med dragkedja och tv\u00e5 slipfickor f\u00f6r ytterligare organisering. En liten ficka med dragkedja p\u00e5 framsidan \u00e4r perfekt f\u00f6r nycklar, sladdar eller andra sm\u00e5 f\u00f6rem\u00e5l. Midjeremmen har en justerbar l\u00e4ngd fr\u00e5n 31,5 tum till 44 tum.<\/p>\n<h2>Nyckeldetaljerna<\/h2>\n<ul>\n<li>Helficka p\u00e5 baksidan<\/li>\n<li>Inv\u00e4ndig meshficka med dragkedja<\/li>\n<li>Tv\u00e5 inre slipfickor<\/li>\n<li>Liten ficka med dragkedja p\u00e5 framsidan<\/li>\n<li>Justerbar midjerem (31,5 tum-44 tum)<\/li>\n<li>Integrerad manschett f\u00f6r att b\u00e4ra en tourniquet<\/li>\n<\/ul>\n","protected":false},"excerpt":{"rendered":"<p>Den Bando-p\u00e5sen \u00e4r ett l\u00e4ttvinddspreparat och bekv\u00e4mt s\u00e4tt att transportera dina EDC-f\u00f6rem\u00e5l. Passar de flesta kompakta till fullstora handeldvapen.<\/p>\n","protected":false},"featured_media":704091,"template":"","meta":{"_acf_changed":false},"product_brand":[15158],"product_cat":[12993],"product_tag":[],"class_list":{"0":"post-704052","1":"product","2":"type-product","3":"status-publish","4":"has-post-thumbnail","6":"product_brand-eberlestock","7":"product_cat-skjutvaeskor","9":"first","10":"instock","11":"taxable","12":"shipping-taxable","13":"purchasable","14":"product-type-variable","15":"wvs-archive-product-wrapper"},"acf":[],"_links":{"self":[{"href":"https:\/\/nbg.eu\/sv\/wp-json\/wp\/v2\/product\/704052","targetHints":{"allow":["GET"]}}],"collection":[{"href":"https:\/\/nbg.eu\/sv\/wp-json\/wp\/v2\/product"}],"about":[{"href":"https:\/\/nbg.eu\/sv\/wp-json\/wp\/v2\/types\/product"}],"wp:featuredmedia":[{"embeddable":true,"href":"https:\/\/nbg.eu\/sv\/wp-json\/wp\/v2\/media\/704091"}],"wp:attachment":[{"href":"https:\/\/nbg.eu\/sv\/wp-json\/wp\/v2\/media?parent=704052"}],"wp:term":[{"taxonomy":"product_brand","embeddable":true,"href":"https:\/\/nbg.eu\/sv\/wp-json\/wp\/v2\/product_brand?post=704052"},{"taxonomy":"product_cat","embeddable":true,"href":"https:\/\/nbg.eu\/sv\/wp-json\/wp\/v2\/product_cat?post=704052"},{"taxonomy":"product_tag","embeddable":true,"href":"https:\/\/nbg.eu\/sv\/wp-json\/wp\/v2\/product_tag?post=704052"}],"curies":[{"name":"wp","href":"https:\/\/api.w.org\/{rel}","templated":true}]}}