{"id":704603,"date":"2025-12-23T12:15:29","date_gmt":"2025-12-23T09:15:29","guid":{"rendered":"https:\/\/nbg.eu\/product\/svardsknappare-pack\/"},"modified":"2026-04-15T14:45:29","modified_gmt":"2026-04-15T11:45:29","slug":"svardsknappare-pack","status":"publish","type":"product","link":"https:\/\/nbg.eu\/sv\/produkt\/svardsknappare-pack\/","title":{"rendered":"Eberlestock Ryggs\u00e4ck Switchblade"},"content":{"rendered":"<h2>Switchblade-ryggs\u00e4ck: Maximalt utrymme och diskretion<\/h2>\n<p>Switchblade\u2122-ryggs\u00e4cken \u00e4r utformad f\u00f6r att h\u00e5lla en l\u00e5g profil samtidigt som den erbjuder maximalt utrymme och organisation. \u00d6ppna fickan p\u00e5 \u00f6verdelen f\u00f6r att komma \u00e5t tv\u00e5 magasinsfickor och andra sm\u00e5 organiseringsfunktioner. Inuti hittar du en dokumentdelare som \u00e4r perfekt f\u00f6r en iPad, b\u00e4rbar dator eller till och med ett kort pipvapen.<\/p>\n<p>Framsidan av ryggs\u00e4cken har en extra stor ficka f\u00f6r snabb \u00e5tkomst till dina viktiga f\u00f6rem\u00e5l. P\u00e5 vardera sida finns ett par dragsn\u00f6rsfickor f\u00f6r muggh\u00e5llare, samt en platt sidoficka med blixtl\u00e5s. Ryggs\u00e4cken har ocks\u00e5 en dold, magnetisk \u00f6ppen, snabb\u00e5tkomstficka f\u00f6r diskret dold b\u00e4rning.<\/p>\n<p>Med en total volym p\u00e5 1 785 kubiktum (29,3 liter) och en vikt p\u00e5 endast 3,60 pund erbjuder Switchblade\u2122 gott om utrymme och b\u00e4rbarhet. De huvudsakliga m\u00e5tten p\u00e5 p\u00e5sen \u00e4r 20,5 tum (H) x 12 tum (B) x 8 tum (D), vilket g\u00f6r den till ett m\u00e5ngsidigt val f\u00f6r daglig anv\u00e4ndning eller taktiska operationer.<\/p>\n<p>Nyckelfunktioner inkluderar s\u00e4llsynta jordbundna magnet\u00f6ppningar f\u00f6r snabb \u00e5tkomst till dolda vapenfickor, slinga-kardborrevelcro PALS-v\u00e4vs\u00f6glor f\u00f6r montering av MOLLE- eller kardborrevelcro-tillbeh\u00f6r, samt innerfickor f\u00f6r v\u00e4tskebeh\u00e5llare, magasin och sm\u00e5saksorganiserare. Den l\u00f6stagbara selen och h\u00f6ftb\u00e4lteskompatibilitet bidrar till ryggs\u00e4ckens anpassningsbarhet.<\/p>\n<p>Switchblade\u2122 erbjuder ocks\u00e5 den nya MOLLE-10-v\u00e4ven, som ger 60 % l\u00e4gre vikt j\u00e4mf\u00f6rt med standardv\u00e4ven p\u00e5 25 mm, samt en ambidextr\u00f6st dold h\u00f6lster som passar de flesta handeldvapen, inklusive helautomatiska. F\u00f6r v\u00e4derskydd kan du anv\u00e4nda v\u00e5rt lilla reversibla regn\u00f6verdrag.<\/p>\n","protected":false},"excerpt":{"rendered":"<p>Det Switchblade\u2122 h\u00e5ller en l\u00e5g profil, med maximal plats och organisation. \u00d6ppna det \u00f6vre lock-fickan och du kommer att hitta tv\u00e5 magasinfickor och andra sm\u00e5 organisationsfunktioner. Inuti hittar du en dokumentflik f\u00f6r en iPad, b\u00e4rbar dator eller till och med ett kortkanonskjutvapen. Framtill p\u00e5 ryggs\u00e4cken finns en stor ficka f\u00f6r snabb \u00e5tkomst till dina viktiga saker. P\u00e5 vardera sida finns ett par fickor med sn\u00f6rningskopph\u00e5llare, samt en plan sidozipper-ficka. Den har ocks\u00e5 en dold, magnetiskt \u00f6ppningsbar ficka f\u00f6r snabb \u00e5tkomst av vapenb\u00e4rande tillst\u00e5nd.<\/p>\n","protected":false},"featured_media":704655,"template":"","meta":{"_acf_changed":false},"product_brand":[15158],"product_cat":[12997],"product_tag":[],"class_list":{"0":"post-704603","1":"product","2":"type-product","3":"status-publish","4":"has-post-thumbnail","6":"product_brand-eberlestock","7":"product_cat-ryggsaeckar","9":"first","10":"instock","11":"taxable","12":"shipping-taxable","13":"purchasable","14":"product-type-variable","15":"wvs-archive-product-wrapper"},"acf":[],"_links":{"self":[{"href":"https:\/\/nbg.eu\/sv\/wp-json\/wp\/v2\/product\/704603","targetHints":{"allow":["GET"]}}],"collection":[{"href":"https:\/\/nbg.eu\/sv\/wp-json\/wp\/v2\/product"}],"about":[{"href":"https:\/\/nbg.eu\/sv\/wp-json\/wp\/v2\/types\/product"}],"wp:featuredmedia":[{"embeddable":true,"href":"https:\/\/nbg.eu\/sv\/wp-json\/wp\/v2\/media\/704655"}],"wp:attachment":[{"href":"https:\/\/nbg.eu\/sv\/wp-json\/wp\/v2\/media?parent=704603"}],"wp:term":[{"taxonomy":"product_brand","embeddable":true,"href":"https:\/\/nbg.eu\/sv\/wp-json\/wp\/v2\/product_brand?post=704603"},{"taxonomy":"product_cat","embeddable":true,"href":"https:\/\/nbg.eu\/sv\/wp-json\/wp\/v2\/product_cat?post=704603"},{"taxonomy":"product_tag","embeddable":true,"href":"https:\/\/nbg.eu\/sv\/wp-json\/wp\/v2\/product_tag?post=704603"}],"curies":[{"name":"wp","href":"https:\/\/api.w.org\/{rel}","templated":true}]}}