{"id":721239,"date":"2024-08-18T11:07:42","date_gmt":"2024-08-18T08:07:42","guid":{"rendered":"https:\/\/nbg.eu\/product\/greppskruv-m35-torx-kmr\/"},"modified":"2026-04-16T19:18:37","modified_gmt":"2026-04-16T16:18:37","slug":"greppskruv-m35-torx-kmr","status":"publish","type":"product","link":"https:\/\/nbg.eu\/sv\/produkt\/greppskruv-m35-torx-kmr\/","title":{"rendered":"KMR Greppskruv M3.5 Torx"},"content":{"rendered":"<h2>Grip Skruv M3,5 Torx KMR<\/h2>\n<p>Tillverkad med precision och uppm\u00e4rksamhet p\u00e5 detaljer, denna grip skruv s\u00e4kerst\u00e4ller ett s\u00e4kert och p\u00e5litligt grepp, vilket f\u00f6rb\u00e4ttrar den \u00f6vergripande prestandan och funktionaliteten hos ditt Vapen KMR. Med en Torx-design ger den en s\u00e4ker och konsekvent anslutning, vilket f\u00f6rhindrar o\u00f6nskad lossning eller f\u00f6rskjutning under anv\u00e4ndning.<\/p>\n<p>Oavsett om du \u00e4r en erfaren skytt eller en taktisk entusiast, \u00e4r detta en m\u00e5ste-ha-accessoar f\u00f6r att uppr\u00e4tth\u00e5lla integriteten och tillf\u00f6rlitligheten hos ditt Vapen KMR. H\u00f6j din skjutupplevelse med denna viktiga komponent, utformad f\u00f6r att smidigt integreras med din f\u00f6redragna KMR-modell.<\/p>\n<p>F\u00f6r Vapen KMR:<\/p>\n<p>KMR L-02 EMIQ<\/p>\n<p>KMR L-02 EMIQ (OR)<\/p>\n<p>KMR L-02 ORCA FR\u00c5N 2024<\/p>\n<p>KMR L-02 ORCA TILLS 2023<\/p>\n<p>KMR L-02 SPECTRA FR\u00c5N 2024<\/p>\n<p>KMR L-02 SPECTRA TILLS 2023<\/p>\n<p>KMR L-02 UMBRA (OR) SR<\/p>\n<p>KMR S-01 LANCE (OR)<\/p>\n<p>KMR S-02 FR\u00c5N 2024<\/p>\n<p>KMR S-02 TILLS 2023<\/p>\n<p>KMR W-02 CUDA (OR)<\/p>\n<p>KMR W-02 UMBRA<\/p>\n<p>KMR W-02 UMBRA (OR)<\/p>\n","protected":false},"excerpt":{"rendered":"<p>Gripskruv M3,5 Torx KMR f\u00f6r Weapons KMR-modeller kompatibel.<\/p>\n","protected":false},"featured_media":25302,"template":"","meta":{"_acf_changed":false},"product_brand":[11511],"product_cat":[13003,14885],"product_tag":[],"class_list":{"0":"post-721239","1":"product","2":"type-product","3":"status-publish","4":"has-post-thumbnail","6":"product_brand-kmr-precision","7":"product_cat-kmr-delar","8":"product_cat-pistol-grips-sv","10":"first","11":"instock","12":"taxable","13":"shipping-taxable","14":"product-type-simple"},"acf":[],"_links":{"self":[{"href":"https:\/\/nbg.eu\/sv\/wp-json\/wp\/v2\/product\/721239","targetHints":{"allow":["GET"]}}],"collection":[{"href":"https:\/\/nbg.eu\/sv\/wp-json\/wp\/v2\/product"}],"about":[{"href":"https:\/\/nbg.eu\/sv\/wp-json\/wp\/v2\/types\/product"}],"wp:featuredmedia":[{"embeddable":true,"href":"https:\/\/nbg.eu\/sv\/wp-json\/wp\/v2\/media\/25302"}],"wp:attachment":[{"href":"https:\/\/nbg.eu\/sv\/wp-json\/wp\/v2\/media?parent=721239"}],"wp:term":[{"taxonomy":"product_brand","embeddable":true,"href":"https:\/\/nbg.eu\/sv\/wp-json\/wp\/v2\/product_brand?post=721239"},{"taxonomy":"product_cat","embeddable":true,"href":"https:\/\/nbg.eu\/sv\/wp-json\/wp\/v2\/product_cat?post=721239"},{"taxonomy":"product_tag","embeddable":true,"href":"https:\/\/nbg.eu\/sv\/wp-json\/wp\/v2\/product_tag?post=721239"}],"curies":[{"name":"wp","href":"https:\/\/api.w.org\/{rel}","templated":true}]}}