{"id":721327,"date":"2026-01-19T18:48:08","date_gmt":"2026-01-19T15:48:08","guid":{"rendered":"https:\/\/nbg.eu\/product\/rh-crocy-gizmo-adapter\/"},"modified":"2026-02-27T16:26:09","modified_gmt":"2026-02-27T13:26:09","slug":"rh-crocy-gizmo-adapter","status":"publish","type":"product","link":"https:\/\/nbg.eu\/sv\/produkt\/rh-crocy-gizmo-adapter\/","title":{"rendered":"RH Crocy Gizmo adapter"},"content":{"rendered":"<h2>RH Crocy Gizmo adapter<\/h2>\n<p>Crocy Gizmo \u00e4r en kopplingsdel designad f\u00f6r RH Crocy AIWB-h\u00f6lstersystemet. Den g\u00f6r det m\u00f6jligt att f\u00e4sta en magasinh\u00e5llare direkt p\u00e5 h\u00f6lstret f\u00f6r en komplett AIWB-b\u00e4rkonfiguration.<\/p>\n<h3>Viktigaste egenskaper:<\/h3>\n<ul>\n<li>Kopplar Crocy magasinh\u00e5llaren till Crocy AIWB-h\u00f6lstret<\/li>\n<li>Kydex-konstruktion f\u00f6r h\u00e5llbarhet<\/li>\n<li>M\u00f6jligg\u00f6r modul\u00e4r AIWB-konfiguration<\/li>\n<li>L\u00e4tt och l\u00e5g profil<\/li>\n<\/ul>\n","protected":false},"excerpt":{"rendered":"<p>RH Crocy Gizmo: Kopplingsdel f\u00f6r att f\u00e4sta magasinh\u00e5llare p\u00e5 Crocy AIWB-h\u00f6lster.<\/p>\n","protected":false},"featured_media":721328,"template":"","meta":{"_acf_changed":false},"product_brand":[11645],"product_cat":[13034],"product_tag":[],"class_list":{"0":"post-721327","1":"product","2":"type-product","3":"status-publish","4":"has-post-thumbnail","6":"product_brand-rh-holsters","7":"product_cat-hoelstertillbehoer","9":"first","10":"instock","11":"taxable","12":"shipping-taxable","13":"purchasable","14":"product-type-simple"},"acf":[],"_links":{"self":[{"href":"https:\/\/nbg.eu\/sv\/wp-json\/wp\/v2\/product\/721327","targetHints":{"allow":["GET"]}}],"collection":[{"href":"https:\/\/nbg.eu\/sv\/wp-json\/wp\/v2\/product"}],"about":[{"href":"https:\/\/nbg.eu\/sv\/wp-json\/wp\/v2\/types\/product"}],"wp:featuredmedia":[{"embeddable":true,"href":"https:\/\/nbg.eu\/sv\/wp-json\/wp\/v2\/media\/721328"}],"wp:attachment":[{"href":"https:\/\/nbg.eu\/sv\/wp-json\/wp\/v2\/media?parent=721327"}],"wp:term":[{"taxonomy":"product_brand","embeddable":true,"href":"https:\/\/nbg.eu\/sv\/wp-json\/wp\/v2\/product_brand?post=721327"},{"taxonomy":"product_cat","embeddable":true,"href":"https:\/\/nbg.eu\/sv\/wp-json\/wp\/v2\/product_cat?post=721327"},{"taxonomy":"product_tag","embeddable":true,"href":"https:\/\/nbg.eu\/sv\/wp-json\/wp\/v2\/product_tag?post=721327"}],"curies":[{"name":"wp","href":"https:\/\/api.w.org\/{rel}","templated":true}]}}