{"id":721373,"date":"2026-01-19T18:48:05","date_gmt":"2026-01-19T15:48:05","guid":{"rendered":"https:\/\/nbg.eu\/product\/rh-crocy-extra-krok\/"},"modified":"2026-02-27T16:27:06","modified_gmt":"2026-02-27T13:27:06","slug":"rh-crocy-extra-krok","status":"publish","type":"product","link":"https:\/\/nbg.eu\/sv\/produkt\/rh-crocy-extra-krok\/","title":{"rendered":"RH Crocy extra krok"},"content":{"rendered":"<h2>RH Crocy extra krok<\/h2>\n<p>RH Crocy extra krok ger extra b\u00e4ltesf\u00e4ste f\u00f6r Crocy AIWB-h\u00f6lstersystemet och f\u00f6rb\u00e4ttrar stabilitet och viktf\u00f6rdelning vid AIWB-b\u00e4rning.<\/p>\n<h3>Viktigaste egenskaper:<\/h3>\n<ul>\n<li>St\u00e5lkonstruktion f\u00f6r h\u00e5llbarhet<\/li>\n<li>Kompatibel med 40 mm b\u00e4lte<\/li>\n<li>L\u00e4gger till en extra f\u00e4stpunkt till Crocy-systemet<\/li>\n<li>F\u00f6rb\u00e4ttrar h\u00f6lstrets stabilitet och minskar r\u00f6relse<\/li>\n<li>Enkel installation p\u00e5 Crocy-h\u00f6lstret<\/li>\n<\/ul>\n","protected":false},"excerpt":{"rendered":"<p>RH Crocy extra krok: St\u00e5lkrok f\u00f6r f\u00f6rb\u00e4ttrad stabilitet p\u00e5 Crocy AIWB-systemet.<\/p>\n","protected":false},"featured_media":721374,"template":"","meta":{"_acf_changed":false},"product_brand":[11645],"product_cat":[13034],"product_tag":[],"class_list":{"0":"post-721373","1":"product","2":"type-product","3":"status-publish","4":"has-post-thumbnail","6":"product_brand-rh-holsters","7":"product_cat-hoelstertillbehoer","9":"first","10":"instock","11":"taxable","12":"shipping-taxable","13":"purchasable","14":"product-type-simple"},"acf":[],"_links":{"self":[{"href":"https:\/\/nbg.eu\/sv\/wp-json\/wp\/v2\/product\/721373","targetHints":{"allow":["GET"]}}],"collection":[{"href":"https:\/\/nbg.eu\/sv\/wp-json\/wp\/v2\/product"}],"about":[{"href":"https:\/\/nbg.eu\/sv\/wp-json\/wp\/v2\/types\/product"}],"wp:featuredmedia":[{"embeddable":true,"href":"https:\/\/nbg.eu\/sv\/wp-json\/wp\/v2\/media\/721374"}],"wp:attachment":[{"href":"https:\/\/nbg.eu\/sv\/wp-json\/wp\/v2\/media?parent=721373"}],"wp:term":[{"taxonomy":"product_brand","embeddable":true,"href":"https:\/\/nbg.eu\/sv\/wp-json\/wp\/v2\/product_brand?post=721373"},{"taxonomy":"product_cat","embeddable":true,"href":"https:\/\/nbg.eu\/sv\/wp-json\/wp\/v2\/product_cat?post=721373"},{"taxonomy":"product_tag","embeddable":true,"href":"https:\/\/nbg.eu\/sv\/wp-json\/wp\/v2\/product_tag?post=721373"}],"curies":[{"name":"wp","href":"https:\/\/api.w.org\/{rel}","templated":true}]}}