{"id":721423,"date":"2026-01-19T18:48:06","date_gmt":"2026-01-19T15:48:06","guid":{"rendered":"https:\/\/nbg.eu\/product\/rh-crocy-magasinhallare\/"},"modified":"2026-02-27T16:45:01","modified_gmt":"2026-02-27T13:45:01","slug":"rh-crocy-magasinhallare","status":"publish","type":"product","link":"https:\/\/nbg.eu\/sv\/produkt\/rh-crocy-magasinhallare\/","title":{"rendered":"RH Crocy magasinh\u00e5llare"},"content":{"rendered":"<h2>RH Crocy magasinh\u00e5llare<\/h2>\n<p>RH Crocy magasinh\u00e5llaren \u00e4r en dedikerad AIWB magasinh\u00e5llare designad f\u00f6r att anv\u00e4ndas med RH Crocy h\u00f6lstersystemet. F\u00e4sts via Crocy Gizmo-kopplingsdelen eller kan b\u00e4ras frist\u00e5ende med st\u00e5lkroken.<\/p>\n<h3>Viktigaste egenskaper:<\/h3>\n<ul>\n<li>St\u00e5lkrok f\u00f6r s\u00e4ker b\u00e4ltesf\u00e4stning<\/li>\n<li>Kompatibel med 40 mm b\u00e4lte<\/li>\n<li>Justerbar retention via st\u00e4llskruvar<\/li>\n<li>Kydex-konstruktion f\u00f6r exakt magasinpassning<\/li>\n<li>Designad f\u00f6r AIWB-b\u00e4rning<\/li>\n<li>Kompatibel med Crocy Gizmo f\u00f6r modul\u00e4r h\u00f6lsterintegration<\/li>\n<\/ul>\n","protected":false},"excerpt":{"rendered":"<p>RH Crocy magasinh\u00e5llare: AIWB magasinh\u00e5llare med st\u00e5lkrok och justerbar retention.<\/p>\n","protected":false},"featured_media":721424,"template":"","meta":{"_acf_changed":false},"product_brand":[11645],"product_cat":[13034],"product_tag":[],"class_list":{"0":"post-721423","1":"product","2":"type-product","3":"status-publish","4":"has-post-thumbnail","6":"product_brand-rh-holsters","7":"product_cat-hoelstertillbehoer","9":"first","10":"instock","11":"taxable","12":"shipping-taxable","13":"purchasable","14":"product-type-simple"},"acf":[],"_links":{"self":[{"href":"https:\/\/nbg.eu\/sv\/wp-json\/wp\/v2\/product\/721423","targetHints":{"allow":["GET"]}}],"collection":[{"href":"https:\/\/nbg.eu\/sv\/wp-json\/wp\/v2\/product"}],"about":[{"href":"https:\/\/nbg.eu\/sv\/wp-json\/wp\/v2\/types\/product"}],"wp:featuredmedia":[{"embeddable":true,"href":"https:\/\/nbg.eu\/sv\/wp-json\/wp\/v2\/media\/721424"}],"wp:attachment":[{"href":"https:\/\/nbg.eu\/sv\/wp-json\/wp\/v2\/media?parent=721423"}],"wp:term":[{"taxonomy":"product_brand","embeddable":true,"href":"https:\/\/nbg.eu\/sv\/wp-json\/wp\/v2\/product_brand?post=721423"},{"taxonomy":"product_cat","embeddable":true,"href":"https:\/\/nbg.eu\/sv\/wp-json\/wp\/v2\/product_cat?post=721423"},{"taxonomy":"product_tag","embeddable":true,"href":"https:\/\/nbg.eu\/sv\/wp-json\/wp\/v2\/product_tag?post=721423"}],"curies":[{"name":"wp","href":"https:\/\/api.w.org\/{rel}","templated":true}]}}