{"id":724293,"date":"2026-03-10T16:14:33","date_gmt":"2026-03-10T13:14:33","guid":{"rendered":"https:\/\/nbg.eu\/product\/area-419-can-koozie-clip-on-nattsikte-skarm\/"},"modified":"2026-03-10T17:17:52","modified_gmt":"2026-03-10T14:17:52","slug":"area-419-can-koozie-clip-on-nattsikte-skarm","status":"publish","type":"product","link":"https:\/\/nbg.eu\/sv\/produkt\/area-419-can-koozie-clip-on-nattsikte-skarm\/","title":{"rendered":"Area 419 Can Koozie \/ Clip-on Nattsikte-Sk\u00e4rm"},"content":{"rendered":"<h2>Area 419 Can Koozie \/ Clip-on Nattsikte-Sk\u00e4rm<\/h2>\n<p>Designad av Area 419, denna neoprensk\u00e4rm tj\u00e4nar ett taktiskt syfte: klicka fast den p\u00e5 optikens objektiv\u00e4nde f\u00f6r att \u00f6verbrygga gapet mellan siktet och clip-on m\u00f6rkersiktesapparaten, blockerar damm och str\u00f6ljus.<\/p>\n<h3>Clip-on Nattsikte-Sk\u00e4rm<\/h3>\n<p>Sk\u00e4rmen str\u00e4cks \u00f6ver optikens objektivklocka och ger en t\u00e4t, ljust\u00e4t brygga f\u00f6r din clip-on NV-apparat \u2014 eliminerar gapet som sl\u00e4pper in omgivande ljus och damm. Skyttar anv\u00e4nder den ocks\u00e5 som effektivt solskydd mot objektivbl\u00e4ndning utan kardborreband eller skrymmande tillbeh\u00f6r.<\/p>\n<h3>Specifikationer<\/h3>\n<table>\n<tbody>\n<tr>\n<td><strong>Material<\/strong><\/td>\n<td>Neoprene<\/td>\n<\/tr>\n<tr>\n<td><strong>Vikt<\/strong><\/td>\n<td>0.1 lbs<\/td>\n<\/tr>\n<tr>\n<td><strong>M\u00e5tt<\/strong><\/td>\n<td>2 x 2 x 0.5 in<\/td>\n<\/tr>\n<tr>\n<td><strong>Tillverkat i<\/strong><\/td>\n<td>USA<\/td>\n<\/tr>\n<\/tbody>\n<\/table>\n","protected":false},"excerpt":{"rendered":"<p>Neopren clip-on sk\u00e4rm designad f\u00f6r att \u00f6verbrygga gapet mellan optikens objektivklocka och en clip-on m\u00f6rkersiktesapparat. Blockerar damm, str\u00f6ljus och eliminerar objektivbl\u00e4ndning. Fungerar \u00e4ven som effektivt solskydd f\u00f6r dagsljusskytte.<\/p>\n","protected":false},"featured_media":724294,"template":"","meta":{"_acf_changed":false},"product_brand":[11051],"product_cat":[13029,13061],"product_tag":[],"class_list":{"0":"post-724293","1":"product","2":"type-product","3":"status-publish","4":"has-post-thumbnail","6":"product_brand-area-419","7":"product_cat-sikttillbehoer","8":"product_cat-utrustning","10":"first","11":"instock","12":"taxable","13":"shipping-taxable","14":"purchasable","15":"product-type-simple"},"acf":[],"_links":{"self":[{"href":"https:\/\/nbg.eu\/sv\/wp-json\/wp\/v2\/product\/724293","targetHints":{"allow":["GET"]}}],"collection":[{"href":"https:\/\/nbg.eu\/sv\/wp-json\/wp\/v2\/product"}],"about":[{"href":"https:\/\/nbg.eu\/sv\/wp-json\/wp\/v2\/types\/product"}],"wp:featuredmedia":[{"embeddable":true,"href":"https:\/\/nbg.eu\/sv\/wp-json\/wp\/v2\/media\/724294"}],"wp:attachment":[{"href":"https:\/\/nbg.eu\/sv\/wp-json\/wp\/v2\/media?parent=724293"}],"wp:term":[{"taxonomy":"product_brand","embeddable":true,"href":"https:\/\/nbg.eu\/sv\/wp-json\/wp\/v2\/product_brand?post=724293"},{"taxonomy":"product_cat","embeddable":true,"href":"https:\/\/nbg.eu\/sv\/wp-json\/wp\/v2\/product_cat?post=724293"},{"taxonomy":"product_tag","embeddable":true,"href":"https:\/\/nbg.eu\/sv\/wp-json\/wp\/v2\/product_tag?post=724293"}],"curies":[{"name":"wp","href":"https:\/\/api.w.org\/{rel}","templated":true}]}}