{"id":733143,"date":"2026-03-13T17:33:20","date_gmt":"2026-03-13T14:33:20","guid":{"rendered":"https:\/\/nbg.eu\/product\/microtech-6-utility-knife-stonewash-titanium-bolster-black-g-10\/"},"modified":"2026-03-16T13:11:38","modified_gmt":"2026-03-16T10:11:38","slug":"microtech-6-utility-knife-stonewash-titanium-bolster-black-g-10","status":"publish","type":"product","link":"https:\/\/nbg.eu\/sv\/produkt\/microtech-6-utility-knife-stonewash-titanium-bolster-black-g-10\/","title":{"rendered":"Microtech 6&#8243; Utility Knife Stonewash Titanium Bolster Black G-10"},"content":{"rendered":"<h2>\u00d6versikt<\/h2>\n<p>Microtech 6&#8243; Utility Knife ger samma kompromissl\u00f6sa kvalitet och precisionsteknik som finns i Microtechs taktiska knivar till den kulinariska v\u00e4rlden. Denna brukskniv \u00f6verbryggar klyftan mellan en skalkniv och en kockkniv med sin tunna men \u00e4nd\u00e5 robusta 6-tums M390MK blad, perfekt f\u00f6r sm\u00e5gr\u00f6nsaker och bakverk som \u00e4r perfekta f\u00f6r sm\u00e5saker och gr\u00f6nsaker. knivar Stenwash-finishen ger en mats\u00e4ker yta med l\u00e5g bl\u00e4ndning med utm\u00e4rkt korrosionsbest\u00e4ndighet, medan titanst\u00f6den och det svarta G-10-handtaget ger ett professionellt grepp som f\u00f6rblir s\u00e4kert \u00e4ven n\u00e4r det \u00e4r bl\u00f6tt.<\/p>\n<h3>M390MK Culinary Blade<\/h3>\n<p>Samma Bohler M390MK-st\u00e5l som anv\u00e4nds i Microtechs taktiska knivar ger knivskarpa eggh\u00e5llning, exceptionell korrosionsbest\u00e4ndighet och enkel omslipning f\u00f6r \u00e5r av professionell k\u00f6ksanv\u00e4ndning.<\/p>\n<h3>Titan bolsterkonstruktion<\/h3>\n<p>P\u00e4rlbl\u00e4strade 6AL-4V titanst\u00f6d ger en bekv\u00e4m, balanserad k\u00e4nsla med en naturlig \u00f6verg\u00e5ng mellan handtag och blad. Titanet tillf\u00f6r praktiskt taget ingen vikt samtidigt som det ger exceptionell h\u00e5llbarhet.<\/p>\n<h3>G-10 handtagsv\u00e5gar<\/h3>\n<p>Svarta G-10 komposithandtagsv\u00e5gar \u00e4r ogenomtr\u00e4ngliga f\u00f6r fukt, v\u00e4rme och kemikalier som finns i professionella k\u00f6k, vilket s\u00e4kerst\u00e4ller en hygienisk och h\u00e5llbar greppyta.<\/p>\n<h3>Premiumkomponenter<\/h3>\n<ul>\n<li>Bohler M390MK blad med platt slipning och stenwash finish<\/li>\n<li>P\u00e4rlbl\u00e4strade 6AL-4V titanst\u00f6d<\/li>\n<li>Svarta G-10 handtagsv\u00e5gar<\/li>\n<li>Livsmedelss\u00e4ker korrosionsbest\u00e4ndig konstruktion<\/li>\n<li>Livstidsgaranti<\/li>\n<\/ul>\n<h3>Specifikationer<\/h3>\n<table class=\"shop_attributes\">\n<tbody>\n<tr>\n<td><strong>Typ<\/strong><\/td>\n<td>Fast blad (kulinariskt)<\/td>\n<\/tr>\n<tr>\n<td><strong>L\u00e4ngd p\u00e5 blad<\/strong><\/td>\n<td>6.00&#8243;<\/td>\n<\/tr>\n<tr>\n<td><strong>Total l\u00e4ngd<\/strong><\/td>\n<td>10,54&#8243;<\/td>\n<\/tr>\n<tr>\n<td><strong>Bladst\u00e5l<\/strong><\/td>\n<td>Bohler M390MK<\/td>\n<\/tr>\n<tr>\n<td><strong>Bladfinish<\/strong><\/td>\n<td>Stentv\u00e4tt<\/td>\n<\/tr>\n<tr>\n<td><strong>Blade slipning<\/strong><\/td>\n<td>Platt<\/td>\n<\/tr>\n<tr>\n<td><strong>Handtagsmaterial<\/strong><\/td>\n<td>Svart G-10 med Titanium Bolsters<\/td>\n<\/tr>\n<tr>\n<td><strong>Bolstermaterial<\/strong><\/td>\n<td>P\u00e4rlbl\u00e4strad 6AL-4V titan<\/td>\n<\/tr>\n<tr>\n<td><strong>Vikt<\/strong><\/td>\n<td>4,54 oz<\/td>\n<\/tr>\n<tr>\n<td><strong>Ursprungsland<\/strong><\/td>\n<td>USA<\/td>\n<\/tr>\n<\/tbody>\n<\/table>\n","protected":false},"excerpt":{"rendered":"<p>Microtech 6-tums kulinarisk redskapskniv med M390MK stonewash-blad, titanst\u00f6d och svart G-10-handtag. \u00d6verbryggar klyftan mellan skalning och kockkniv. 6,00 tum blad, 10,54 tum totalt, 4,54 oz.<\/p>\n","protected":false},"featured_media":733144,"template":"","meta":{"_acf_changed":false},"product_brand":[15533],"product_cat":[15873,15347],"product_tag":[],"class_list":{"0":"post-733143","1":"product","2":"type-product","3":"status-publish","4":"has-post-thumbnail","6":"product_brand-microtech","7":"product_cat-fixed-blade-knives-sv","8":"product_cat-knives-sv","10":"first","11":"outofstock","12":"taxable","13":"shipping-taxable","14":"purchasable","15":"product-type-simple"},"acf":[],"_links":{"self":[{"href":"https:\/\/nbg.eu\/sv\/wp-json\/wp\/v2\/product\/733143","targetHints":{"allow":["GET"]}}],"collection":[{"href":"https:\/\/nbg.eu\/sv\/wp-json\/wp\/v2\/product"}],"about":[{"href":"https:\/\/nbg.eu\/sv\/wp-json\/wp\/v2\/types\/product"}],"wp:featuredmedia":[{"embeddable":true,"href":"https:\/\/nbg.eu\/sv\/wp-json\/wp\/v2\/media\/733144"}],"wp:attachment":[{"href":"https:\/\/nbg.eu\/sv\/wp-json\/wp\/v2\/media?parent=733143"}],"wp:term":[{"taxonomy":"product_brand","embeddable":true,"href":"https:\/\/nbg.eu\/sv\/wp-json\/wp\/v2\/product_brand?post=733143"},{"taxonomy":"product_cat","embeddable":true,"href":"https:\/\/nbg.eu\/sv\/wp-json\/wp\/v2\/product_cat?post=733143"},{"taxonomy":"product_tag","embeddable":true,"href":"https:\/\/nbg.eu\/sv\/wp-json\/wp\/v2\/product_tag?post=733143"}],"curies":[{"name":"wp","href":"https:\/\/api.w.org\/{rel}","templated":true}]}}