{"id":733578,"date":"2026-03-24T13:39:50","date_gmt":"2026-03-24T10:39:50","guid":{"rendered":"https:\/\/nbg.eu\/product\/bergara-bmr-magasin-22wm-17hmr-10-skotts\/"},"modified":"2026-04-02T14:29:16","modified_gmt":"2026-04-02T11:29:16","slug":"bergara-bmr-magasin-22wm-17hmr-10-skotts","status":"publish","type":"product","link":"https:\/\/nbg.eu\/sv\/produkt\/bergara-bmr-magasin-22wm-17hmr-10-skotts\/","title":{"rendered":"Bergara BMR Magasin 22WM\/17HMR 10-skotts"},"content":{"rendered":"<h2>Bergara BMR Magazin<\/h2>\n<p>Reservmagasin f\u00f6r Bergara BMR-gev\u00e4r i kaliber .22 WMR och .17 HMR. Kompakt design med kapacitet p\u00e5 10 patroner.<\/p>\n<h3>Kompatibilitet \u00f6ver kaliber<\/h3>\n<p>Magasinet \u00e4r kompatibelt med alla BMR-gev\u00e4r i kaliber .22 WMR och .17 HMR, vilket m\u00f6jligg\u00f6r enkel byte mellan olika konfigurationer.<\/p>\n<h3>Redo f\u00f6r t\u00e4vling<\/h3>\n<p>10-skotts magasinet uppfyller NRL22-basklass-specifikationerna och ger tillr\u00e4cklig kapacitet f\u00f6r officiella skyttediscipliner utan ytterligare modifieringar.<\/p>\n<table class=\"product-specs\">\n<tbody>\n<tr>\n<th>Kompatibilitet<\/th>\n<td>Bergara BMR .22 WMR \/ .17 HMR<\/td>\n<\/tr>\n<tr>\n<th>Kapacitet<\/th>\n<td>10 rounds<\/td>\n<\/tr>\n<tr>\n<th>Material<\/th>\n<td>Polymer<\/td>\n<\/tr>\n<\/tbody>\n<\/table>\n","protected":false},"excerpt":{"rendered":"<p>Originalt 10-skotts slim-line Bergara magasin f\u00f6r BMR gev\u00e4r. Kompatibelt med .22 WMR och .17 HMR. L\u00e4tt polymerkonstruktion f\u00f6r tillf\u00f6rlitlig matning vid t\u00e4vling och jakt.<\/p>\n","protected":false},"featured_media":733579,"template":"","meta":{"_acf_changed":false},"product_brand":[16023],"product_cat":[13060],"product_tag":[],"class_list":{"0":"post-733578","1":"product","2":"type-product","3":"status-publish","4":"has-post-thumbnail","6":"product_brand-bergara","7":"product_cat-gevaersmagasin","9":"first","10":"instock","11":"taxable","12":"shipping-taxable","13":"purchasable","14":"product-type-simple"},"acf":[],"_links":{"self":[{"href":"https:\/\/nbg.eu\/sv\/wp-json\/wp\/v2\/product\/733578","targetHints":{"allow":["GET"]}}],"collection":[{"href":"https:\/\/nbg.eu\/sv\/wp-json\/wp\/v2\/product"}],"about":[{"href":"https:\/\/nbg.eu\/sv\/wp-json\/wp\/v2\/types\/product"}],"wp:featuredmedia":[{"embeddable":true,"href":"https:\/\/nbg.eu\/sv\/wp-json\/wp\/v2\/media\/733579"}],"wp:attachment":[{"href":"https:\/\/nbg.eu\/sv\/wp-json\/wp\/v2\/media?parent=733578"}],"wp:term":[{"taxonomy":"product_brand","embeddable":true,"href":"https:\/\/nbg.eu\/sv\/wp-json\/wp\/v2\/product_brand?post=733578"},{"taxonomy":"product_cat","embeddable":true,"href":"https:\/\/nbg.eu\/sv\/wp-json\/wp\/v2\/product_cat?post=733578"},{"taxonomy":"product_tag","embeddable":true,"href":"https:\/\/nbg.eu\/sv\/wp-json\/wp\/v2\/product_tag?post=733578"}],"curies":[{"name":"wp","href":"https:\/\/api.w.org\/{rel}","templated":true}]}}