{"id":734337,"date":"2026-03-24T13:40:18","date_gmt":"2026-03-24T10:40:18","guid":{"rendered":"https:\/\/nbg.eu\/product\/bergara-b14-aics-magasin-short-action-10-skotts\/"},"modified":"2026-04-02T14:38:09","modified_gmt":"2026-04-02T11:38:09","slug":"bergara-b14-aics-magasin-short-action-10-skotts","status":"publish","type":"product","link":"https:\/\/nbg.eu\/sv\/produkt\/bergara-b14-aics-magasin-short-action-10-skotts\/","title":{"rendered":"Bergara B14 AICS Magasin Short Action 10-skotts"},"content":{"rendered":"<h2>Bergara B14 AICS Magazine Short Action 10-Round<\/h2>\n<p>Originalt 10-skotts AICS-magasin f\u00f6r B14 HMR. Kompatibelt med 6.5 Creedmoor och .308 Win.<\/p>\n<table class=\"product-specs\">\n<tbody>\n<tr>\n<th>Kaliber<\/th>\n<td>6.5 Creedmoor \/ .308 Win<\/td>\n<\/tr>\n<tr>\n<th>Magasinskapacitet<\/th>\n<td>10 rounds<\/td>\n<\/tr>\n<tr>\n<th>Platform<\/th>\n<td>Bergara B14 Short Action (AICS)<\/td>\n<\/tr>\n<tr>\n<th>Material<\/th>\n<td>Polyamide<\/td>\n<\/tr>\n<tr>\n<th>Manufacturer<\/th>\n<td>Bergara, Spain<\/td>\n<\/tr>\n<\/tbody>\n<\/table>\n","protected":false},"excerpt":{"rendered":"<p>Originalt 10-skotts slim-line Bergara magasin f\u00f6r B14 AICS Short Action gev\u00e4r. Kompatibelt med 6.5 Creedmoor, .308 Win. L\u00e4tt polymerkonstruktion f\u00f6r tillf\u00f6rlitlig matning vid t\u00e4vling och jakt.<\/p>\n","protected":false},"featured_media":734338,"template":"","meta":{"_acf_changed":false},"product_brand":[16023],"product_cat":[13060],"product_tag":[],"class_list":{"0":"post-734337","1":"product","2":"type-product","3":"status-publish","4":"has-post-thumbnail","6":"product_brand-bergara","7":"product_cat-gevaersmagasin","9":"first","10":"instock","11":"taxable","12":"shipping-taxable","13":"purchasable","14":"product-type-simple"},"acf":[],"_links":{"self":[{"href":"https:\/\/nbg.eu\/sv\/wp-json\/wp\/v2\/product\/734337","targetHints":{"allow":["GET"]}}],"collection":[{"href":"https:\/\/nbg.eu\/sv\/wp-json\/wp\/v2\/product"}],"about":[{"href":"https:\/\/nbg.eu\/sv\/wp-json\/wp\/v2\/types\/product"}],"wp:featuredmedia":[{"embeddable":true,"href":"https:\/\/nbg.eu\/sv\/wp-json\/wp\/v2\/media\/734338"}],"wp:attachment":[{"href":"https:\/\/nbg.eu\/sv\/wp-json\/wp\/v2\/media?parent=734337"}],"wp:term":[{"taxonomy":"product_brand","embeddable":true,"href":"https:\/\/nbg.eu\/sv\/wp-json\/wp\/v2\/product_brand?post=734337"},{"taxonomy":"product_cat","embeddable":true,"href":"https:\/\/nbg.eu\/sv\/wp-json\/wp\/v2\/product_cat?post=734337"},{"taxonomy":"product_tag","embeddable":true,"href":"https:\/\/nbg.eu\/sv\/wp-json\/wp\/v2\/product_tag?post=734337"}],"curies":[{"name":"wp","href":"https:\/\/api.w.org\/{rel}","templated":true}]}}