{"id":73975,"date":"2024-10-16T23:13:36","date_gmt":"2024-10-16T20:13:36","guid":{"rendered":"https:\/\/nbg.eu\/product\/casio-gbd-800uc-5er\/"},"modified":"2026-01-21T12:00:55","modified_gmt":"2026-01-21T09:00:55","slug":"casio-gbd-800uc-5er","status":"publish","type":"product","link":"https:\/\/nbg.eu\/sv\/produkt\/casio-gbd-800uc-5er\/","title":{"rendered":"Casio GBD-800UC-5ER"},"content":{"rendered":"<div class=\"product-description\">\n<h2>Casio GBD-800UC-5ER: Tr\u00e4ningsklocka<\/h2>\n<p>Casio GBD-800UC-5ER \u00e4r en klocka med resin-boett och armband, utformad f\u00f6r en aktiv livsstil.<\/p>\n<ul>\n<li>M\u00e5tt: 54,1 \u00d7 48,6 \u00d7 15,5 mm, vikt: 59g<\/li>\n<li>St\u00f6tt\u00e5lig konstruktion<\/li>\n<li>Vattent\u00e4t till 200 meter<\/li>\n<li>3 \u00e5rs batteritid med CR2025<\/li>\n<li>Stegr\u00e4knare med 3-axlad accelerationssensor<\/li>\n<li>Visning av stegm\u00e5lsframsteg och 7-timmars stegr\u00e4kningsgraf<\/li>\n<li>Energisparfunktion<\/li>\n<\/ul>\n<p>GBD-800UC-5ER \u00e4r en klocka f\u00f6r tr\u00e4ning och fitness-uppf\u00f6ljning.<\/p>\n<\/div>\n","protected":false},"excerpt":{"rendered":"<p>Robust G-Shock med stegr\u00e4knare, 200 m vattent\u00e4t, 3 \u00e5rs batteritid.<\/p>\n","protected":false},"featured_media":71255,"template":"","meta":{"_acf_changed":false},"product_brand":[11207],"product_cat":[13038,13043],"product_tag":[],"class_list":{"0":"post-73975","1":"product","2":"type-product","3":"status-publish","4":"has-post-thumbnail","6":"product_brand-casio","7":"product_cat-edc","8":"product_cat-klockor","10":"first","11":"instock","12":"taxable","13":"shipping-taxable","14":"purchasable","15":"product-type-simple"},"acf":[],"_links":{"self":[{"href":"https:\/\/nbg.eu\/sv\/wp-json\/wp\/v2\/product\/73975","targetHints":{"allow":["GET"]}}],"collection":[{"href":"https:\/\/nbg.eu\/sv\/wp-json\/wp\/v2\/product"}],"about":[{"href":"https:\/\/nbg.eu\/sv\/wp-json\/wp\/v2\/types\/product"}],"wp:featuredmedia":[{"embeddable":true,"href":"https:\/\/nbg.eu\/sv\/wp-json\/wp\/v2\/media\/71255"}],"wp:attachment":[{"href":"https:\/\/nbg.eu\/sv\/wp-json\/wp\/v2\/media?parent=73975"}],"wp:term":[{"taxonomy":"product_brand","embeddable":true,"href":"https:\/\/nbg.eu\/sv\/wp-json\/wp\/v2\/product_brand?post=73975"},{"taxonomy":"product_cat","embeddable":true,"href":"https:\/\/nbg.eu\/sv\/wp-json\/wp\/v2\/product_cat?post=73975"},{"taxonomy":"product_tag","embeddable":true,"href":"https:\/\/nbg.eu\/sv\/wp-json\/wp\/v2\/product_tag?post=73975"}],"curies":[{"name":"wp","href":"https:\/\/api.w.org\/{rel}","templated":true}]}}