{"id":73999,"date":"2024-10-18T23:01:13","date_gmt":"2024-10-18T20:01:13","guid":{"rendered":"https:\/\/nbg.eu\/product\/holosun-hs515cm-red-dot-sight\/"},"modified":"2026-05-13T16:41:25","modified_gmt":"2026-05-13T13:41:25","slug":"holosun-hs515cm-red-dot-sight","status":"publish","type":"product","link":"https:\/\/nbg.eu\/sv\/produkt\/holosun-hs515cm-red-dot-sight\/","title":{"rendered":"Holosun HS515CM &#8211; Red Dot Sight"},"content":{"rendered":"<div class=\"product-description\">\n<h2>Holosun HS515CM &#8211; R\u00f6dpunktsikte<\/h2>\n<p>HS515CM \u00e4r ett 20mm mikrosikte f\u00f6r gev\u00e4r och karbiner. Tillverkad av 7075 aluminium med f\u00f6ljande egenskaper:<\/p>\n<ul>\n<li>Klara, avtagbara\/roterande linsskydd<\/li>\n<li>QD-f\u00e4ste f\u00f6r nedre 1\/3 samsikte (1,63&#8243;)<\/li>\n<li>IP68 vattent\u00e4t och dammt\u00e4t klassificering<\/li>\n<li>Solarteknologi som reserv<\/li>\n<li>Multiriktmedelsystem med r\u00f6d Super LED<\/li>\n<li>10 dagsljus- och 2 m\u00f6rkerseendeinst\u00e4llningar<\/li>\n<li>R\u00f6relseaktiveringsteknik<\/li>\n<li>Upp till 50 000 timmars batteritid<\/li>\n<li>Verktygsfritt sidomonterat batteribyte<\/li>\n<\/ul>\n<p>Utformad f\u00f6r b\u00e5de sport- och professionellt bruk. HS515CM erbjuder 0,5 MOA justeringar och \u00b150 MOA justeringsomr\u00e5de. Den \u00e4r konstruerad f\u00f6r att t\u00e5la extrema temperaturer och 1000G vibration.<\/p>\n<\/div>\n","protected":false},"excerpt":{"rendered":"<p>H\u00e5llbart 20mm mikro-r\u00f6dpunktsikte f\u00f6r gev\u00e4r, soldrivet, vattent\u00e4tt.<\/p>\n","protected":false},"featured_media":72416,"template":"","meta":{"_acf_changed":false},"product_brand":[11437],"product_cat":[13013,13025,13004],"product_tag":[],"class_list":{"0":"post-73999","1":"product","2":"type-product","3":"status-publish","4":"has-post-thumbnail","6":"product_brand-holosun","7":"product_cat-gevaerssikten","8":"product_cat-red-dots","9":"product_cat-siktning","11":"first","12":"outofstock","13":"taxable","14":"shipping-taxable","15":"purchasable","16":"product-type-simple"},"acf":[],"_links":{"self":[{"href":"https:\/\/nbg.eu\/sv\/wp-json\/wp\/v2\/product\/73999","targetHints":{"allow":["GET"]}}],"collection":[{"href":"https:\/\/nbg.eu\/sv\/wp-json\/wp\/v2\/product"}],"about":[{"href":"https:\/\/nbg.eu\/sv\/wp-json\/wp\/v2\/types\/product"}],"wp:featuredmedia":[{"embeddable":true,"href":"https:\/\/nbg.eu\/sv\/wp-json\/wp\/v2\/media\/72416"}],"wp:attachment":[{"href":"https:\/\/nbg.eu\/sv\/wp-json\/wp\/v2\/media?parent=73999"}],"wp:term":[{"taxonomy":"product_brand","embeddable":true,"href":"https:\/\/nbg.eu\/sv\/wp-json\/wp\/v2\/product_brand?post=73999"},{"taxonomy":"product_cat","embeddable":true,"href":"https:\/\/nbg.eu\/sv\/wp-json\/wp\/v2\/product_cat?post=73999"},{"taxonomy":"product_tag","embeddable":true,"href":"https:\/\/nbg.eu\/sv\/wp-json\/wp\/v2\/product_tag?post=73999"}],"curies":[{"name":"wp","href":"https:\/\/api.w.org\/{rel}","templated":true}]}}