{"id":74157,"date":"2024-10-18T22:52:52","date_gmt":"2024-10-18T19:52:52","guid":{"rendered":"https:\/\/nbg.eu\/product\/mag-release-button-kmr-black\/"},"modified":"2026-05-13T16:41:19","modified_gmt":"2026-05-13T13:41:19","slug":"mag-release-button-kmr-black","status":"publish","type":"product","link":"https:\/\/nbg.eu\/sv\/produkt\/mag-release-button-kmr-black\/","title":{"rendered":"KMR Magasinsfrig\u00f6ringsknapp Standard Svart"},"content":{"rendered":"<h2>Mag Release Button KMR &#8211; Svart<\/h2>\n<p>Mag Release Button KMR \u00e4r en viktig tillbeh\u00f6r f\u00f6r dina vapensystem, utformad f\u00f6r att tillhandah\u00e5lla en s\u00e4ker och tillf\u00f6rlitlig magasinsutl\u00f6sare.<\/p>\n<p>Med en snygg svart finish \u00e4r Mag Release Button KMR inte bara funktionell, utan tillf\u00f6r ocks\u00e5 en touch av taktisk elegans till ditt vapen. Tillverkad av h\u00e5llbara material, denna knapp s\u00e4kerst\u00e4ller en smidig och tillf\u00f6rlitlig magasinslossning varje g\u00e5ng, vilket m\u00f6jligg\u00f6r snabba omladdningar och s\u00f6ml\u00f6s \u00f6verg\u00e5ng mellan skott.<\/p>\n<p>Oavsett om du \u00e4r en erfaren skytt eller just b\u00f6rjar, \u00e4r Mag Release Button KMR ett n\u00f6dv\u00e4ndigt tillbeh\u00f6r som kan f\u00f6rb\u00e4ttra prestanda och tillf\u00f6rlitlighet f\u00f6r dina vapensystem. Med sin m\u00e5ngsidiga kompatibilitet och robusta design \u00e4r denna knapp ett m\u00e5ste f\u00f6r alla som \u00e4r intresserade av skjutvapen.<\/p>\n<p>F\u00f6r Vapen KMR:<\/p>\n<p>KMR L-02 EMIQ<\/p>\n<p>KMR L-02 EMIQ (OR)<\/p>\n<p>KMR L-02 ORCA TILL 2023<\/p>\n<p>KMR L-02 SPECTRA FR\u00c5N 2024<\/p>\n<p>KMR L-02 SPECTRA TILL 2023<\/p>\n<p>KMR L-02 UMBRA FR\u00c5N 2024<\/p>\n<p>KMR L-02 UMBRA TILL 2023<\/p>\n<p>KMR S-01 LANCE (OR)<\/p>\n<p>KMR S-02 TILL 2023<\/p>\n<p>KMR W-02 CUDA FR\u00c5N 2024<\/p>\n<p>KMR W-02 CUDA TILL 2023<\/p>\n<p>KMR W-02 UMBRA<\/p>\n<p>KMR W-02 UMBRA (OR)<\/p>\n<p>Referens 0180-00801-0101<\/p>\n","protected":false},"excerpt":{"rendered":"<p>Utl\u00f6sningsknapp f\u00f6r magasin f\u00f6r KMR-vapen, tillg\u00e4nglig i svart.<\/p>\n","protected":false},"featured_media":72253,"template":"","meta":{"_acf_changed":false},"product_brand":[11511],"product_cat":[13003],"product_tag":[],"class_list":{"0":"post-74157","1":"product","2":"type-product","3":"status-publish","4":"has-post-thumbnail","6":"product_brand-kmr-precision","7":"product_cat-kmr-delar","9":"first","10":"instock","11":"taxable","12":"shipping-taxable","13":"purchasable","14":"product-type-simple"},"acf":[],"_links":{"self":[{"href":"https:\/\/nbg.eu\/sv\/wp-json\/wp\/v2\/product\/74157","targetHints":{"allow":["GET"]}}],"collection":[{"href":"https:\/\/nbg.eu\/sv\/wp-json\/wp\/v2\/product"}],"about":[{"href":"https:\/\/nbg.eu\/sv\/wp-json\/wp\/v2\/types\/product"}],"wp:featuredmedia":[{"embeddable":true,"href":"https:\/\/nbg.eu\/sv\/wp-json\/wp\/v2\/media\/72253"}],"wp:attachment":[{"href":"https:\/\/nbg.eu\/sv\/wp-json\/wp\/v2\/media?parent=74157"}],"wp:term":[{"taxonomy":"product_brand","embeddable":true,"href":"https:\/\/nbg.eu\/sv\/wp-json\/wp\/v2\/product_brand?post=74157"},{"taxonomy":"product_cat","embeddable":true,"href":"https:\/\/nbg.eu\/sv\/wp-json\/wp\/v2\/product_cat?post=74157"},{"taxonomy":"product_tag","embeddable":true,"href":"https:\/\/nbg.eu\/sv\/wp-json\/wp\/v2\/product_tag?post=74157"}],"curies":[{"name":"wp","href":"https:\/\/api.w.org\/{rel}","templated":true}]}}