{"id":74289,"date":"2024-10-20T13:20:59","date_gmt":"2024-10-20T10:20:59","guid":{"rendered":"https:\/\/nbg.eu\/product\/fully-adjustable-rear-sight-kmr\/"},"modified":"2026-05-13T16:03:05","modified_gmt":"2026-05-13T13:03:05","slug":"fully-adjustable-rear-sight-kmr","status":"publish","type":"product","link":"https:\/\/nbg.eu\/sv\/produkt\/fully-adjustable-rear-sight-kmr\/","title":{"rendered":"KMR Fullt Justerbart Baksikte"},"content":{"rendered":"<div class=\"product-description\">\n<h2>Fullt justerbart bakre sikte f\u00f6r KMR<\/h2>\n<p>Ett fullt justerbart bakre sikte designat f\u00f6r KMR- och CZ-modeller. Detta sikte erbjuder:<\/p>\n<ul>\n<li>Kompatibilitet med CZ SP01 Shadow 1 och CZ Shadow 2<\/li>\n<li>Fungerar med fr\u00e4mre sikten med h\u00f6jd 7,5-8,0 mm<\/li>\n<li>Justeringsm\u00f6jligheter f\u00f6r b\u00e4ttre precision<\/li>\n<li>H\u00e5llbar konstruktion<\/li>\n<\/ul>\n<p>Uppgradera vapnets siktessystem f\u00f6r f\u00f6rb\u00e4ttrad m\u00e5lidentifiering och skjutprestanda. Obs: Detta sikte \u00e4r inte kompatibelt med CZ 75 TS-modeller.<\/p>\n<p>Detta fullt justerbara bakre sikte \u00e4r ett tillbeh\u00f6r till din KMR- eller CZ-pistol.<\/p>\n<\/div>\n","protected":false},"excerpt":{"rendered":"<p>Precisionssikte f\u00f6r KMR och CZ.<\/p>\n","protected":false},"featured_media":73533,"template":"","meta":{"_acf_changed":false},"product_brand":[11511],"product_cat":[13003],"product_tag":[],"class_list":{"0":"post-74289","1":"product","2":"type-product","3":"status-publish","4":"has-post-thumbnail","6":"product_brand-kmr-precision","7":"product_cat-kmr-delar","9":"first","10":"instock","11":"taxable","12":"shipping-taxable","13":"purchasable","14":"product-type-simple"},"acf":[],"_links":{"self":[{"href":"https:\/\/nbg.eu\/sv\/wp-json\/wp\/v2\/product\/74289","targetHints":{"allow":["GET"]}}],"collection":[{"href":"https:\/\/nbg.eu\/sv\/wp-json\/wp\/v2\/product"}],"about":[{"href":"https:\/\/nbg.eu\/sv\/wp-json\/wp\/v2\/types\/product"}],"wp:featuredmedia":[{"embeddable":true,"href":"https:\/\/nbg.eu\/sv\/wp-json\/wp\/v2\/media\/73533"}],"wp:attachment":[{"href":"https:\/\/nbg.eu\/sv\/wp-json\/wp\/v2\/media?parent=74289"}],"wp:term":[{"taxonomy":"product_brand","embeddable":true,"href":"https:\/\/nbg.eu\/sv\/wp-json\/wp\/v2\/product_brand?post=74289"},{"taxonomy":"product_cat","embeddable":true,"href":"https:\/\/nbg.eu\/sv\/wp-json\/wp\/v2\/product_cat?post=74289"},{"taxonomy":"product_tag","embeddable":true,"href":"https:\/\/nbg.eu\/sv\/wp-json\/wp\/v2\/product_tag?post=74289"}],"curies":[{"name":"wp","href":"https:\/\/api.w.org\/{rel}","templated":true}]}}