{"id":748756,"date":"2026-04-16T10:56:47","date_gmt":"2026-04-16T07:56:47","guid":{"rendered":"https:\/\/nbg.eu\/product\/kmr-rekylfjaderledare-rostfritt-stal\/"},"modified":"2026-04-16T19:12:38","modified_gmt":"2026-04-16T16:12:38","slug":"kmr-rekylfjaderledare-rostfritt-stal","status":"publish","type":"product","link":"https:\/\/nbg.eu\/sv\/produkt\/kmr-rekylfjaderledare-rostfritt-stal\/","title":{"rendered":"KMR Rekylfj\u00e4derledare Rostfritt St\u00e5l"},"content":{"rendered":"<h2>Rekylfj\u00e4derledare KMR 5&#8243; Rostfritt St\u00e5l<\/h2>\n<p>Crafted from high-quality stainless steel, the Rekylfj\u00e4derledare KMR 5&#8243; Rostfritt St\u00e5l provides enhanced durability and corrosion resistance. Its 5-inch length offers a perfect fit, providing the necessary stability and control during recoil.<\/p>\n<p>With its sleek and modern design, the Rekylfj\u00e4derledare KMR 5&#8243; Rostfritt St\u00e5l not only improves the functionality of your weapon but also enhances its overall stability.<\/p>\n<p>For Weapons KMR<\/p>\n<p>KMR L-02 ORCA FROM 2024<\/p>\n<p>KMR L-02 ORCA UNTIL 2023<\/p>\n<p>KMR L-02 SPECTRA FROM 2024<\/p>\n<p>KMR L-02 SPECTRA UNTIL 2023<\/p>\n","protected":false},"excerpt":{"rendered":"<p>Rekylfj\u00e4derledare KMR 5&#8243; Rostfritt St\u00e5l &#8211; KMR L-02 ORCA &amp; SPECTRA.<\/p>\n","protected":false},"featured_media":25673,"template":"","meta":{"_acf_changed":false},"product_brand":[11511],"product_cat":[13021,13003],"product_tag":[],"class_list":{"0":"post-748756","1":"product","2":"type-product","3":"status-publish","4":"has-post-thumbnail","6":"product_brand-kmr-precision","7":"product_cat-fjaedrar","8":"product_cat-kmr-delar","10":"first","11":"instock","12":"taxable","13":"shipping-taxable","14":"product-type-variable","15":"wvs-archive-product-wrapper"},"acf":[],"_links":{"self":[{"href":"https:\/\/nbg.eu\/sv\/wp-json\/wp\/v2\/product\/748756","targetHints":{"allow":["GET"]}}],"collection":[{"href":"https:\/\/nbg.eu\/sv\/wp-json\/wp\/v2\/product"}],"about":[{"href":"https:\/\/nbg.eu\/sv\/wp-json\/wp\/v2\/types\/product"}],"wp:featuredmedia":[{"embeddable":true,"href":"https:\/\/nbg.eu\/sv\/wp-json\/wp\/v2\/media\/25673"}],"wp:attachment":[{"href":"https:\/\/nbg.eu\/sv\/wp-json\/wp\/v2\/media?parent=748756"}],"wp:term":[{"taxonomy":"product_brand","embeddable":true,"href":"https:\/\/nbg.eu\/sv\/wp-json\/wp\/v2\/product_brand?post=748756"},{"taxonomy":"product_cat","embeddable":true,"href":"https:\/\/nbg.eu\/sv\/wp-json\/wp\/v2\/product_cat?post=748756"},{"taxonomy":"product_tag","embeddable":true,"href":"https:\/\/nbg.eu\/sv\/wp-json\/wp\/v2\/product_tag?post=748756"}],"curies":[{"name":"wp","href":"https:\/\/api.w.org\/{rel}","templated":true}]}}