{"id":749614,"date":"2026-04-24T11:17:29","date_gmt":"2026-04-24T08:17:29","guid":{"rendered":"https:\/\/nbg.eu\/product\/eberlestock-freefall-2000-ryggsack\/"},"modified":"2026-04-24T12:00:11","modified_gmt":"2026-04-24T09:00:11","slug":"eberlestock-freefall-2000-ryggsack","status":"publish","type":"product","link":"https:\/\/nbg.eu\/sv\/produkt\/eberlestock-freefall-2000-ryggsack\/","title":{"rendered":"Eberlestock FreeFall 2000 Ryggs\u00e4ck"},"content":{"rendered":"<h2>Eberlestock FreeFall 2000 Ryggs\u00e4ck<\/h2>\n<p>Eberlestock FreeFall 2000 \u00e4r en m\u00e5ngsidig plattform med l\u00e5g profil, kapabel att hantera flerdagsturer med minimal utrustning eller dagsturer med full packning. Med ett rymligt topplock, sju innerfickor, fack f\u00f6r v\u00e4tskesystem, kompressionsremmar och h\u00f6ftb\u00e4ltesfickor \u00e4r denna ryggs\u00e4ck byggd f\u00f6r seri\u00f6sa frilufts\u00e4lskare och taktiska operat\u00f6rer.<\/p>\n<h3>Nyckelfunktioner<\/h3>\n<ul>\n<li>2000 c.i. \/ 32.8L capacity<\/li>\n<li>Spacious top lid<\/li>\n<li>Seven interior pockets<\/li>\n<li>Water bladder sleeve<\/li>\n<li>Compression straps<\/li>\n<li>Hip-belt pockets<\/li>\n<li>Aluminum frame<\/li>\n<li>Eberlestock Lifetime Warranty<\/li>\n<\/ul>\n<h3>Specifikationer<\/h3>\n<table>\n<tr>\n<td><strong>Volym<\/strong><\/td>\n<td>2000 c.i. \/ 32.8L<\/td>\n<\/tr>\n<tr>\n<td><strong>Vikt<\/strong><\/td>\n<td>4 lbs 9 oz<\/td>\n<\/tr>\n<tr>\n<td><strong>Ram<\/strong><\/td>\n<td>Aluminum<\/td>\n<\/tr>\n<tr>\n<td><strong>Artikelnummer<\/strong><\/td>\n<td>V7MC, V7GY, V7MB, V7ME, V7MJ, V7MM<\/td>\n<\/tr>\n<tr>\n<td><strong>Tillverkare<\/strong><\/td>\n<td>Eberlestock (Veteran\u00e4gt f\u00f6retag)<\/td>\n<\/tr>\n<\/table>\n","protected":false},"excerpt":{"rendered":"<p>Eberlestock FreeFall 2000 \u00e4r en m\u00e5ngsidig plattform med l\u00e5g profil, kapabel att hantera flerdagsturer med minimal utrustning eller dagsturer med full packning. Med ett rymligt topplock, sju innerfickor, fack f\u00f6r v\u00e4tskesystem, kompressionsremmar och h\u00f6ftb\u00e4ltesfickor \u00e4r denna ryggs\u00e4ck byggd f\u00f6r seri\u00f6sa frilufts\u00e4lskare och taktiska operat\u00f6rer.<\/p>\n","protected":false},"featured_media":749615,"template":"","meta":{"_acf_changed":false},"product_brand":[15158],"product_cat":[12997],"product_tag":[],"class_list":{"0":"post-749614","1":"product","2":"type-product","3":"status-publish","4":"has-post-thumbnail","6":"product_brand-eberlestock","7":"product_cat-ryggsaeckar","9":"first","10":"outofstock","11":"taxable","12":"shipping-taxable","13":"purchasable","14":"product-type-variable","15":"wvs-archive-product-wrapper"},"acf":[],"_links":{"self":[{"href":"https:\/\/nbg.eu\/sv\/wp-json\/wp\/v2\/product\/749614","targetHints":{"allow":["GET"]}}],"collection":[{"href":"https:\/\/nbg.eu\/sv\/wp-json\/wp\/v2\/product"}],"about":[{"href":"https:\/\/nbg.eu\/sv\/wp-json\/wp\/v2\/types\/product"}],"wp:featuredmedia":[{"embeddable":true,"href":"https:\/\/nbg.eu\/sv\/wp-json\/wp\/v2\/media\/749615"}],"wp:attachment":[{"href":"https:\/\/nbg.eu\/sv\/wp-json\/wp\/v2\/media?parent=749614"}],"wp:term":[{"taxonomy":"product_brand","embeddable":true,"href":"https:\/\/nbg.eu\/sv\/wp-json\/wp\/v2\/product_brand?post=749614"},{"taxonomy":"product_cat","embeddable":true,"href":"https:\/\/nbg.eu\/sv\/wp-json\/wp\/v2\/product_cat?post=749614"},{"taxonomy":"product_tag","embeddable":true,"href":"https:\/\/nbg.eu\/sv\/wp-json\/wp\/v2\/product_tag?post=749614"}],"curies":[{"name":"wp","href":"https:\/\/api.w.org\/{rel}","templated":true}]}}