{"id":749867,"date":"2026-04-24T11:17:35","date_gmt":"2026-04-24T08:17:35","guid":{"rendered":"https:\/\/nbg.eu\/product\/eberlestock-freefall-3000-ryggsack\/"},"modified":"2026-04-24T12:01:11","modified_gmt":"2026-04-24T09:01:11","slug":"eberlestock-freefall-3000-ryggsack","status":"publish","type":"product","link":"https:\/\/nbg.eu\/sv\/produkt\/eberlestock-freefall-3000-ryggsack\/","title":{"rendered":"Eberlestock FreeFall 3000 Ryggs\u00e4ck"},"content":{"rendered":"<h2>Eberlestock FreeFall 3000 Ryggs\u00e4ck<\/h2>\n<p>Eberlestock FreeFall 3000 \u00e4r den st\u00f6rre syskonmodellen i FreeFall-serien och erbjuder 3000 kubiktum kapacitet f\u00f6r l\u00e4ngre expeditioner i vildmarken och flerdagarsoperationer. Med samma bepr\u00f6vade design med robust aluminiumram, sju innerfickor och omfattande organisation hanterar denna ryggs\u00e4ck tyngre laster med l\u00e4tthet.<\/p>\n<h3>Nyckelfunktioner<\/h3>\n<ul>\n<li>3000 c.i. \/ 49.2L capacity<\/li>\n<li>Spacious top lid<\/li>\n<li>Seven interior pockets<\/li>\n<li>Water bladder sleeve<\/li>\n<li>Compression straps<\/li>\n<li>Hip-belt pockets<\/li>\n<li>Aluminum frame<\/li>\n<li>Eberlestock Lifetime Warranty<\/li>\n<\/ul>\n<h3>Specifikationer<\/h3>\n<table>\n<tr>\n<td><strong>Volym<\/strong><\/td>\n<td>3000 c.i. \/ 49.2L<\/td>\n<\/tr>\n<tr>\n<td><strong>Vikt<\/strong><\/td>\n<td>5 lbs 1 oz<\/td>\n<\/tr>\n<tr>\n<td><strong>Ram<\/strong><\/td>\n<td>Aluminum<\/td>\n<\/tr>\n<tr>\n<td><strong>Artikelnummer<\/strong><\/td>\n<td>V8MC, V8GY, V8MB, V8ME, V8MJ, V8MM<\/td>\n<\/tr>\n<tr>\n<td><strong>Tillverkare<\/strong><\/td>\n<td>Eberlestock (Veteran\u00e4gt f\u00f6retag)<\/td>\n<\/tr>\n<\/table>\n","protected":false},"excerpt":{"rendered":"<p>Eberlestock FreeFall 3000 \u00e4r den st\u00f6rre syskonmodellen i FreeFall-serien och erbjuder 3000 kubiktum kapacitet f\u00f6r l\u00e4ngre expeditioner i vildmarken och flerdagarsoperationer. Med samma bepr\u00f6vade design med robust aluminiumram, sju innerfickor och omfattande organisation hanterar denna ryggs\u00e4ck tyngre laster med l\u00e4tthet.<\/p>\n","protected":false},"featured_media":749868,"template":"","meta":{"_acf_changed":false},"product_brand":[15158],"product_cat":[12997],"product_tag":[],"class_list":{"0":"post-749867","1":"product","2":"type-product","3":"status-publish","4":"has-post-thumbnail","6":"product_brand-eberlestock","7":"product_cat-ryggsaeckar","9":"first","10":"outofstock","11":"taxable","12":"shipping-taxable","13":"purchasable","14":"product-type-variable","15":"wvs-archive-product-wrapper"},"acf":[],"_links":{"self":[{"href":"https:\/\/nbg.eu\/sv\/wp-json\/wp\/v2\/product\/749867","targetHints":{"allow":["GET"]}}],"collection":[{"href":"https:\/\/nbg.eu\/sv\/wp-json\/wp\/v2\/product"}],"about":[{"href":"https:\/\/nbg.eu\/sv\/wp-json\/wp\/v2\/types\/product"}],"wp:featuredmedia":[{"embeddable":true,"href":"https:\/\/nbg.eu\/sv\/wp-json\/wp\/v2\/media\/749868"}],"wp:attachment":[{"href":"https:\/\/nbg.eu\/sv\/wp-json\/wp\/v2\/media?parent=749867"}],"wp:term":[{"taxonomy":"product_brand","embeddable":true,"href":"https:\/\/nbg.eu\/sv\/wp-json\/wp\/v2\/product_brand?post=749867"},{"taxonomy":"product_cat","embeddable":true,"href":"https:\/\/nbg.eu\/sv\/wp-json\/wp\/v2\/product_cat?post=749867"},{"taxonomy":"product_tag","embeddable":true,"href":"https:\/\/nbg.eu\/sv\/wp-json\/wp\/v2\/product_tag?post=749867"}],"curies":[{"name":"wp","href":"https:\/\/api.w.org\/{rel}","templated":true}]}}