{"id":750076,"date":"2026-04-24T11:17:42","date_gmt":"2026-04-24T08:17:42","guid":{"rendered":"https:\/\/nbg.eu\/product\/eberlestock-mission-ruck-multicam\/"},"modified":"2026-04-24T12:02:05","modified_gmt":"2026-04-24T09:02:05","slug":"eberlestock-mission-ruck-multicam","status":"publish","type":"product","link":"https:\/\/nbg.eu\/sv\/produkt\/eberlestock-mission-ruck-multicam\/","title":{"rendered":"Eberlestock Mission Ruck &#8211; Multicam"},"content":{"rendered":"<h2>Eberlestock Mission Ruck<\/h2>\n<p>Byggd f\u00f6r l\u00e5ngvariga f\u00e4ltoperationer integreras Eberlestock Mission Ruck s\u00f6ml\u00f6st med det kompletta Eberlestock Mission System. Denna konfigurerbara, MOLLE-kompatibla ryggs\u00e4ck har 4834 kubiktum volym och \u00e4r konstruerad f\u00f6r de mest kr\u00e4vande taktiska och milit\u00e4ra uppdragen, samtidigt som den \u00e4r byggd f\u00f6r att h\u00e5lla en livstid.<\/p>\n<h3>Nyckelfunktioner<\/h3>\n<ul>\n<li>4834 c.i. internal volume<\/li>\n<li>Full MOLLE\/PALS compatibility<\/li>\n<li>Mission System integration<\/li>\n<li>Configurable design<\/li>\n<li>Padded shoulder straps and hip belt<\/li>\n<li>Eberlestock Lifetime Warranty<\/li>\n<\/ul>\n<h3>Specifikationer<\/h3>\n<table>\n<tr>\n<td><strong>Volym<\/strong><\/td>\n<td>4834 c.i.<\/td>\n<\/tr>\n<tr>\n<td><strong>Vikt<\/strong><\/td>\n<td>3 lbs 5 oz<\/td>\n<\/tr>\n<tr>\n<td><strong>Dimensioner<\/strong><\/td>\n<td>36&#8243;H x 12&#8243;W x 8.5&#8243;D<\/td>\n<\/tr>\n<tr>\n<td><strong>Artikelnummer<\/strong><\/td>\n<td>MR1MM (Multicam), MR1MC (Coyote Brown), MR1MJ (Military Green)<\/td>\n<\/tr>\n<tr>\n<td><strong>Tillverkare<\/strong><\/td>\n<td>Eberlestock (Veteran\u00e4gt f\u00f6retag)<\/td>\n<\/tr>\n<\/table>\n","protected":false},"excerpt":{"rendered":"<p>Byggd f\u00f6r l\u00e5ngvariga f\u00e4ltoperationer integreras Eberlestock Mission Ruck s\u00f6ml\u00f6st med det kompletta Eberlestock Mission System. Denna konfigurerbara, MOLLE-kompatibla ryggs\u00e4ck har 4834 kubiktum volym och \u00e4r konstruerad f\u00f6r de mest kr\u00e4vande taktiska och milit\u00e4ra uppdragen, samtidigt som den \u00e4r byggd f\u00f6r att h\u00e5lla en livstid.<\/p>\n","protected":false},"featured_media":750077,"template":"","meta":{"_acf_changed":false},"product_brand":[15158],"product_cat":[12997],"product_tag":[],"class_list":{"0":"post-750076","1":"product","2":"type-product","3":"status-publish","4":"has-post-thumbnail","6":"product_brand-eberlestock","7":"product_cat-ryggsaeckar","9":"first","10":"outofstock","11":"taxable","12":"shipping-taxable","13":"purchasable","14":"product-type-simple"},"acf":[],"_links":{"self":[{"href":"https:\/\/nbg.eu\/sv\/wp-json\/wp\/v2\/product\/750076","targetHints":{"allow":["GET"]}}],"collection":[{"href":"https:\/\/nbg.eu\/sv\/wp-json\/wp\/v2\/product"}],"about":[{"href":"https:\/\/nbg.eu\/sv\/wp-json\/wp\/v2\/types\/product"}],"wp:featuredmedia":[{"embeddable":true,"href":"https:\/\/nbg.eu\/sv\/wp-json\/wp\/v2\/media\/750077"}],"wp:attachment":[{"href":"https:\/\/nbg.eu\/sv\/wp-json\/wp\/v2\/media?parent=750076"}],"wp:term":[{"taxonomy":"product_brand","embeddable":true,"href":"https:\/\/nbg.eu\/sv\/wp-json\/wp\/v2\/product_brand?post=750076"},{"taxonomy":"product_cat","embeddable":true,"href":"https:\/\/nbg.eu\/sv\/wp-json\/wp\/v2\/product_cat?post=750076"},{"taxonomy":"product_tag","embeddable":true,"href":"https:\/\/nbg.eu\/sv\/wp-json\/wp\/v2\/product_tag?post=750076"}],"curies":[{"name":"wp","href":"https:\/\/api.w.org\/{rel}","templated":true}]}}