{"id":750490,"date":"2026-04-24T11:17:46","date_gmt":"2026-04-24T08:17:46","guid":{"rendered":"https:\/\/nbg.eu\/product\/eberlestock-mission-medic-multicam\/"},"modified":"2026-04-24T12:03:55","modified_gmt":"2026-04-24T09:03:55","slug":"eberlestock-mission-medic-multicam","status":"publish","type":"product","link":"https:\/\/nbg.eu\/sv\/produkt\/eberlestock-mission-medic-multicam\/","title":{"rendered":"Eberlestock Mission Medic &#8211; Multicam"},"content":{"rendered":"<h2>Eberlestock Mission Medic<\/h2>\n<p>Eberlestock Mission Medic Pack prioriterar effektivitet och utnyttjar varje tillg\u00e4ngligt utrymme f\u00f6r livsr\u00e4ddande organisation. Med sju avtagbara fickor och tv\u00e5 avtagbara tillbeh\u00f6rspaneler i huvudfacket, l\u00e5ter denna medicinska ryggs\u00e4ck operat\u00f6rer f\u00f6rbereda traumakit f\u00f6r snabb utplacering vid masskadeh\u00e4ndelser.<\/p>\n<h3>Nyckelfunktioner<\/h3>\n<ul>\n<li>1,717 c.i. medical capacity<\/li>\n<li>Seven tear-away pouches<\/li>\n<li>Two tear-away accessory panels<\/li>\n<li>Mission System integration<\/li>\n<li>MOLLE exterior<\/li>\n<li>Eberlestock Lifetime Warranty<\/li>\n<\/ul>\n<h3>Specifikationer<\/h3>\n<table>\n<tr>\n<td><strong>Volym<\/strong><\/td>\n<td>1,717 c.i.<\/td>\n<\/tr>\n<tr>\n<td><strong>Vikt<\/strong><\/td>\n<td>3 lbs 10 oz<\/td>\n<\/tr>\n<tr>\n<td><strong>Dimensioner<\/strong><\/td>\n<td>20&#8243;H x 12&#8243;W x 5.5&#8243;D<\/td>\n<\/tr>\n<tr>\n<td><strong>Artikelnummer<\/strong><\/td>\n<td>MM1MM, MM1MC, MM1MJ<\/td>\n<\/tr>\n<tr>\n<td><strong>Tillverkare<\/strong><\/td>\n<td>Eberlestock (Veteran\u00e4gt f\u00f6retag)<\/td>\n<\/tr>\n<\/table>\n","protected":false},"excerpt":{"rendered":"<p>Eberlestock Mission Medic Pack prioriterar effektivitet och utnyttjar varje tillg\u00e4ngligt utrymme f\u00f6r livsr\u00e4ddande organisation. Med sju avtagbara fickor och tv\u00e5 avtagbara tillbeh\u00f6rspaneler i huvudfacket, l\u00e5ter denna medicinska ryggs\u00e4ck operat\u00f6rer f\u00f6rbereda traumakit f\u00f6r snabb utplacering vid masskadeh\u00e4ndelser.<\/p>\n","protected":false},"featured_media":750491,"template":"","meta":{"_acf_changed":false},"product_brand":[15158],"product_cat":[12997],"product_tag":[],"class_list":{"0":"post-750490","1":"product","2":"type-product","3":"status-publish","4":"has-post-thumbnail","6":"product_brand-eberlestock","7":"product_cat-ryggsaeckar","9":"first","10":"outofstock","11":"taxable","12":"shipping-taxable","13":"purchasable","14":"product-type-simple"},"acf":[],"_links":{"self":[{"href":"https:\/\/nbg.eu\/sv\/wp-json\/wp\/v2\/product\/750490","targetHints":{"allow":["GET"]}}],"collection":[{"href":"https:\/\/nbg.eu\/sv\/wp-json\/wp\/v2\/product"}],"about":[{"href":"https:\/\/nbg.eu\/sv\/wp-json\/wp\/v2\/types\/product"}],"wp:featuredmedia":[{"embeddable":true,"href":"https:\/\/nbg.eu\/sv\/wp-json\/wp\/v2\/media\/750491"}],"wp:attachment":[{"href":"https:\/\/nbg.eu\/sv\/wp-json\/wp\/v2\/media?parent=750490"}],"wp:term":[{"taxonomy":"product_brand","embeddable":true,"href":"https:\/\/nbg.eu\/sv\/wp-json\/wp\/v2\/product_brand?post=750490"},{"taxonomy":"product_cat","embeddable":true,"href":"https:\/\/nbg.eu\/sv\/wp-json\/wp\/v2\/product_cat?post=750490"},{"taxonomy":"product_tag","embeddable":true,"href":"https:\/\/nbg.eu\/sv\/wp-json\/wp\/v2\/product_tag?post=750490"}],"curies":[{"name":"wp","href":"https:\/\/api.w.org\/{rel}","templated":true}]}}