{"id":750697,"date":"2026-04-24T11:17:48","date_gmt":"2026-04-24T08:17:48","guid":{"rendered":"https:\/\/nbg.eu\/product\/eberlestock-modframe-dry-earth\/"},"modified":"2026-04-24T12:04:49","modified_gmt":"2026-04-24T09:04:49","slug":"eberlestock-modframe-dry-earth","status":"publish","type":"product","link":"https:\/\/nbg.eu\/sv\/produkt\/eberlestock-modframe-dry-earth\/","title":{"rendered":"Eberlestock Modframe &#8211; Dry Earth"},"content":{"rendered":"<h2>Eberlestock Modframe<\/h2>\n<p>Eberlestock Modframe \u00e4r en n\u00e4sta generations jaktplattform som tar allt som \u00e4r fantastiskt med Mainframe och bygger om det fr\u00e5n grunden. Detta specialbyggda modul\u00e4ra ramsystem \u00e4r designat f\u00f6r seri\u00f6sa alpj\u00e4gare som kr\u00e4ver prestanda, h\u00e5llbarhet och flexibilitet fr\u00e5n sitt b\u00e4rsystem.<\/p>\n<h3>Nyckelfunktioner<\/h3>\n<ul>\n<li>Next-gen modular frame<\/li>\n<li>Alpine hunting platform<\/li>\n<li>Modular bag compatibility<\/li>\n<li>Standalone frame capability<\/li>\n<li>Adjustable torso<\/li>\n<li>Eberlestock Lifetime Warranty<\/li>\n<\/ul>\n<h3>Specifikationer<\/h3>\n<table>\n<tr>\n<td><strong>Vikt<\/strong><\/td>\n<td>4 lbs 8 oz<\/td>\n<\/tr>\n<tr>\n<td><strong>Dimensioner<\/strong><\/td>\n<td>26&#8243;H x 10&#8243;W<\/td>\n<\/tr>\n<tr>\n<td><strong>Artikelnummer<\/strong><\/td>\n<td>MO1ME (Dry Earth), MO1MJ (Military Green)<\/td>\n<\/tr>\n<tr>\n<td><strong>Tillverkare<\/strong><\/td>\n<td>Eberlestock (Veteran\u00e4gt f\u00f6retag)<\/td>\n<\/tr>\n<\/table>\n","protected":false},"excerpt":{"rendered":"<p>Eberlestock Modframe \u00e4r en n\u00e4sta generations jaktplattform som tar allt som \u00e4r fantastiskt med Mainframe och bygger om det fr\u00e5n grunden. Detta specialbyggda modul\u00e4ra ramsystem \u00e4r designat f\u00f6r seri\u00f6sa alpj\u00e4gare som kr\u00e4ver prestanda, h\u00e5llbarhet och flexibilitet fr\u00e5n sitt b\u00e4rsystem.<\/p>\n","protected":false},"featured_media":750698,"template":"","meta":{"_acf_changed":false},"product_brand":[15158],"product_cat":[12997],"product_tag":[],"class_list":{"0":"post-750697","1":"product","2":"type-product","3":"status-publish","4":"has-post-thumbnail","6":"product_brand-eberlestock","7":"product_cat-ryggsaeckar","9":"first","10":"outofstock","11":"taxable","12":"shipping-taxable","13":"purchasable","14":"product-type-simple"},"acf":[],"_links":{"self":[{"href":"https:\/\/nbg.eu\/sv\/wp-json\/wp\/v2\/product\/750697","targetHints":{"allow":["GET"]}}],"collection":[{"href":"https:\/\/nbg.eu\/sv\/wp-json\/wp\/v2\/product"}],"about":[{"href":"https:\/\/nbg.eu\/sv\/wp-json\/wp\/v2\/types\/product"}],"wp:featuredmedia":[{"embeddable":true,"href":"https:\/\/nbg.eu\/sv\/wp-json\/wp\/v2\/media\/750698"}],"wp:attachment":[{"href":"https:\/\/nbg.eu\/sv\/wp-json\/wp\/v2\/media?parent=750697"}],"wp:term":[{"taxonomy":"product_brand","embeddable":true,"href":"https:\/\/nbg.eu\/sv\/wp-json\/wp\/v2\/product_brand?post=750697"},{"taxonomy":"product_cat","embeddable":true,"href":"https:\/\/nbg.eu\/sv\/wp-json\/wp\/v2\/product_cat?post=750697"},{"taxonomy":"product_tag","embeddable":true,"href":"https:\/\/nbg.eu\/sv\/wp-json\/wp\/v2\/product_tag?post=750697"}],"curies":[{"name":"wp","href":"https:\/\/api.w.org\/{rel}","templated":true}]}}