{"id":751296,"date":"2026-04-24T11:17:54","date_gmt":"2026-04-24T08:17:54","guid":{"rendered":"https:\/\/nbg.eu\/product\/eberlestock-mission-load-panel-multicam\/"},"modified":"2026-04-24T12:07:32","modified_gmt":"2026-04-24T09:07:32","slug":"eberlestock-mission-load-panel-multicam","status":"publish","type":"product","link":"https:\/\/nbg.eu\/sv\/produkt\/eberlestock-mission-load-panel-multicam\/","title":{"rendered":"Eberlestock Mission Load Panel &#8211; Multicam"},"content":{"rendered":"<h2>Eberlestock Mission Load Panel<\/h2>\n<p>Eberlestock Mission Load Panel ger en s\u00e4ker metod f\u00f6r att b\u00e4ra och f\u00f6rvara skrymmande eller oregelbundna f\u00f6rem\u00e5l som hj\u00e4lmar, intr\u00e5ngsverktyg och annan utrustning. F\u00e4st p\u00e5 Mission Frame kan Load Panel anv\u00e4ndas sj\u00e4lvst\u00e4ndigt eller tillsammans med Mission Lid f\u00f6r maximal lastkapacitet.<\/p>\n<h3>Nyckelfunktioner<\/h3>\n<ul>\n<li>Helmet and equipment carrier<\/li>\n<li>3 oz ultra-lightweight<\/li>\n<li>Mission Frame attachment<\/li>\n<li>Works with Mission Lid<\/li>\n<li>MOLLE-compatible<\/li>\n<li>Eberlestock Lifetime Warranty<\/li>\n<\/ul>\n<h3>Specifikationer<\/h3>\n<table>\n<tr>\n<td><strong>Vikt<\/strong><\/td>\n<td>3 oz<\/td>\n<\/tr>\n<tr>\n<td><strong>Dimensioner<\/strong><\/td>\n<td>13.5&#8243;L x 11.5&#8243;W<\/td>\n<\/tr>\n<tr>\n<td><strong>Artikelnummer<\/strong><\/td>\n<td>MP1MM, MP1MC, MP1MJ<\/td>\n<\/tr>\n<tr>\n<td><strong>Tillverkare<\/strong><\/td>\n<td>Eberlestock (Veteran\u00e4gt f\u00f6retag)<\/td>\n<\/tr>\n<\/table>\n","protected":false},"excerpt":{"rendered":"<p>Eberlestock Mission Load Panel ger en s\u00e4ker metod f\u00f6r att b\u00e4ra och f\u00f6rvara skrymmande eller oregelbundna f\u00f6rem\u00e5l som hj\u00e4lmar, intr\u00e5ngsverktyg och annan utrustning. F\u00e4st p\u00e5 Mission Frame kan Load Panel anv\u00e4ndas sj\u00e4lvst\u00e4ndigt eller tillsammans med Mission Lid f\u00f6r maximal lastkapacitet.<\/p>\n","protected":false},"featured_media":751297,"template":"","meta":{"_acf_changed":false},"product_brand":[15158],"product_cat":[12997],"product_tag":[],"class_list":{"0":"post-751296","1":"product","2":"type-product","3":"status-publish","4":"has-post-thumbnail","6":"product_brand-eberlestock","7":"product_cat-ryggsaeckar","9":"first","10":"outofstock","11":"taxable","12":"shipping-taxable","13":"purchasable","14":"product-type-simple"},"acf":[],"_links":{"self":[{"href":"https:\/\/nbg.eu\/sv\/wp-json\/wp\/v2\/product\/751296","targetHints":{"allow":["GET"]}}],"collection":[{"href":"https:\/\/nbg.eu\/sv\/wp-json\/wp\/v2\/product"}],"about":[{"href":"https:\/\/nbg.eu\/sv\/wp-json\/wp\/v2\/types\/product"}],"wp:featuredmedia":[{"embeddable":true,"href":"https:\/\/nbg.eu\/sv\/wp-json\/wp\/v2\/media\/751297"}],"wp:attachment":[{"href":"https:\/\/nbg.eu\/sv\/wp-json\/wp\/v2\/media?parent=751296"}],"wp:term":[{"taxonomy":"product_brand","embeddable":true,"href":"https:\/\/nbg.eu\/sv\/wp-json\/wp\/v2\/product_brand?post=751296"},{"taxonomy":"product_cat","embeddable":true,"href":"https:\/\/nbg.eu\/sv\/wp-json\/wp\/v2\/product_cat?post=751296"},{"taxonomy":"product_tag","embeddable":true,"href":"https:\/\/nbg.eu\/sv\/wp-json\/wp\/v2\/product_tag?post=751296"}],"curies":[{"name":"wp","href":"https:\/\/api.w.org\/{rel}","templated":true}]}}