{"id":751487,"date":"2026-04-24T11:17:58","date_gmt":"2026-04-24T08:17:58","guid":{"rendered":"https:\/\/nbg.eu\/product\/eberlestock-p12-knee-pad-set-med-2\/"},"modified":"2026-04-24T12:09:18","modified_gmt":"2026-04-24T09:09:18","slug":"eberlestock-p12-knee-pad-set-med-2","status":"publish","type":"product","link":"https:\/\/nbg.eu\/sv\/produkt\/eberlestock-p12-knee-pad-set-med-2\/","title":{"rendered":"Eberlestock P12 Knee Pad Set med 2"},"content":{"rendered":"<h2>Eberlestock P12 Knee Pad Set med 2<\/h2>\n<p>Eberlestock P12 Knee Pad-setet ger n\u00f6dv\u00e4ndigt kn\u00e4skydd f\u00f6r l\u00e5ngvariga f\u00e4ltoperationer, skyttepositioner och taktiska till\u00e4mpningar. S\u00e4ljs som set med 2, dessa kn\u00e4skydd \u00e4r designade f\u00f6r att integreras med kompatibla Eberlestock-byxor och utrustning, och erbjuder l\u00e4tt komfort och st\u00f6tskydd n\u00e4r du beh\u00f6ver det mest.<\/p>\n<h3>Nyckelfunktioner<\/h3>\n<ul>\n<li>Set of 2 knee pads<\/li>\n<li>Eberlestock pants compatible<\/li>\n<li>Lightweight construction<\/li>\n<li>Impact-absorbing foam<\/li>\n<li>Ergonomic design<\/li>\n<li>Eberlestock Lifetime Warranty<\/li>\n<\/ul>\n<h3>Specifikationer<\/h3>\n<table>\n<tr>\n<td><strong>Antal<\/strong><\/td>\n<td>2<\/td>\n<\/tr>\n<tr>\n<td><strong>Kompatibilitet<\/strong><\/td>\n<td>Eberlestock tactical pants<\/td>\n<\/tr>\n<tr>\n<td><strong>Tillverkare<\/strong><\/td>\n<td>Eberlestock (Veteran\u00e4gt f\u00f6retag)<\/td>\n<\/tr>\n<\/table>\n","protected":false},"excerpt":{"rendered":"<p>Eberlestock P12 Knee Pad-setet ger n\u00f6dv\u00e4ndigt kn\u00e4skydd f\u00f6r l\u00e5ngvariga f\u00e4ltoperationer, skyttepositioner och taktiska till\u00e4mpningar. S\u00e4ljs som set med 2, dessa kn\u00e4skydd \u00e4r designade f\u00f6r att integreras med kompatibla Eberlestock-byxor och utrustning, och erbjuder l\u00e4tt komfort och st\u00f6tskydd n\u00e4r du beh\u00f6ver det mest.<\/p>\n","protected":false},"featured_media":751563,"template":"","meta":{"_acf_changed":false},"product_brand":[15158],"product_cat":[13061],"product_tag":[],"class_list":{"0":"post-751487","1":"product","2":"type-product","3":"status-publish","4":"has-post-thumbnail","6":"product_brand-eberlestock","7":"product_cat-utrustning","9":"first","10":"instock","11":"taxable","12":"shipping-taxable","13":"purchasable","14":"product-type-simple"},"acf":[],"_links":{"self":[{"href":"https:\/\/nbg.eu\/sv\/wp-json\/wp\/v2\/product\/751487","targetHints":{"allow":["GET"]}}],"collection":[{"href":"https:\/\/nbg.eu\/sv\/wp-json\/wp\/v2\/product"}],"about":[{"href":"https:\/\/nbg.eu\/sv\/wp-json\/wp\/v2\/types\/product"}],"wp:featuredmedia":[{"embeddable":true,"href":"https:\/\/nbg.eu\/sv\/wp-json\/wp\/v2\/media\/751563"}],"wp:attachment":[{"href":"https:\/\/nbg.eu\/sv\/wp-json\/wp\/v2\/media?parent=751487"}],"wp:term":[{"taxonomy":"product_brand","embeddable":true,"href":"https:\/\/nbg.eu\/sv\/wp-json\/wp\/v2\/product_brand?post=751487"},{"taxonomy":"product_cat","embeddable":true,"href":"https:\/\/nbg.eu\/sv\/wp-json\/wp\/v2\/product_cat?post=751487"},{"taxonomy":"product_tag","embeddable":true,"href":"https:\/\/nbg.eu\/sv\/wp-json\/wp\/v2\/product_tag?post=751487"}],"curies":[{"name":"wp","href":"https:\/\/api.w.org\/{rel}","templated":true}]}}