{"id":755512,"date":"2026-05-13T13:36:39","date_gmt":"2026-05-13T10:36:39","guid":{"rendered":"https:\/\/nbg.eu\/product\/magasin-cmmg-ar-9mm-conversion-2-pack-10-20-30-skotts\/"},"modified":"2026-05-13T14:50:00","modified_gmt":"2026-05-13T11:50:00","slug":"magasin-cmmg-ar-9mm-conversion-2-pack-10-20-30-skotts","status":"publish","type":"product","link":"https:\/\/nbg.eu\/sv\/produkt\/magasin-cmmg-ar-9mm-conversion-2-pack-10-20-30-skotts\/","title":{"rendered":"Magasin CMMG AR 9mm Conversion 2-pack (10\/20\/30-skotts)"},"content":{"rendered":"<h2>Magasin CMMG AR 9mm Conversion 2-pack (10\/20\/30-skotts)<\/h2>\n<p>Speciellt designat f\u00f6r CMMG:s 9mm AR-15 conversion-system anv\u00e4nder detta 2-pack (10\/20\/30-skotts) magasin en modifierad Glock-pattern design anpassad till AR-plattformen. Byggt f\u00f6r p\u00e5litlig matning av 9mm Luger i CMMG Banshee, Resolute och Mk9 gev\u00e4r och pistoler. S\u00e4ljs som 2-pack &#8211; kapacitet 10\/20\/30 enligt lokala best\u00e4mmelser.<\/p>\n<h3>Viktiga egenskaper<\/h3>\n<ul>\n<li>2-pack (10\/20\/30-skotts) (l\u00e5gkapacitet)<\/li>\n<li>F\u00f6r CMMG 9mm AR conversion uppers<\/li>\n<li>Glock-pattern stomme (modifierad)<\/li>\n<li>Drop-free design<\/li>\n<li>Slagt\u00e5lig polymer<\/li>\n<\/ul>\n<h3>Specifikationer<\/h3>\n<table>\n<tr>\n<td><strong>Kaliber<\/strong><\/td>\n<td>9mm Luger<\/td>\n<\/tr>\n<tr>\n<td><strong>F\u00f6rpackning<\/strong><\/td>\n<td>2 magasin<\/td>\n<\/tr>\n<tr>\n<td><strong>Plattform<\/strong><\/td>\n<td>CMMG 9mm AR Conversion<\/td>\n<\/tr>\n<tr>\n<td><strong>Tillverkare<\/strong><\/td>\n<td>CMMG (USA)<\/td>\n<\/tr>\n<\/table>\n","protected":false},"excerpt":{"rendered":"<p>2-pack (10\/20\/30-skotts) 9mm magasin f\u00f6r CMMG AR-15 9mm conversion uppers. Modifierat Glock-pattern magasin f\u00f6r p\u00e5litlig matning.<\/p>\n","protected":false},"featured_media":755986,"template":"","meta":{"_acf_changed":false},"product_brand":[],"product_cat":[13053,13060,13006],"product_tag":[],"class_list":{"0":"post-755512","1":"product","2":"type-product","3":"status-publish","4":"has-post-thumbnail","6":"product_cat-gevaer","7":"product_cat-gevaersmagasin","8":"product_cat-licensierad","10":"first","11":"instock","12":"taxable","13":"shipping-taxable","14":"product-type-simple"},"acf":[],"_links":{"self":[{"href":"https:\/\/nbg.eu\/sv\/wp-json\/wp\/v2\/product\/755512","targetHints":{"allow":["GET"]}}],"collection":[{"href":"https:\/\/nbg.eu\/sv\/wp-json\/wp\/v2\/product"}],"about":[{"href":"https:\/\/nbg.eu\/sv\/wp-json\/wp\/v2\/types\/product"}],"wp:featuredmedia":[{"embeddable":true,"href":"https:\/\/nbg.eu\/sv\/wp-json\/wp\/v2\/media\/755986"}],"wp:attachment":[{"href":"https:\/\/nbg.eu\/sv\/wp-json\/wp\/v2\/media?parent=755512"}],"wp:term":[{"taxonomy":"product_brand","embeddable":true,"href":"https:\/\/nbg.eu\/sv\/wp-json\/wp\/v2\/product_brand?post=755512"},{"taxonomy":"product_cat","embeddable":true,"href":"https:\/\/nbg.eu\/sv\/wp-json\/wp\/v2\/product_cat?post=755512"},{"taxonomy":"product_tag","embeddable":true,"href":"https:\/\/nbg.eu\/sv\/wp-json\/wp\/v2\/product_tag?post=755512"}],"curies":[{"name":"wp","href":"https:\/\/api.w.org\/{rel}","templated":true}]}}