{"id":755627,"date":"2026-05-13T13:36:46","date_gmt":"2026-05-13T10:36:46","guid":{"rendered":"https:\/\/nbg.eu\/product\/contessa-picatinny-skena-howa-1500-long-action\/"},"modified":"2026-05-13T14:51:09","modified_gmt":"2026-05-13T11:51:09","slug":"contessa-picatinny-skena-howa-1500-long-action","status":"publish","type":"product","link":"https:\/\/nbg.eu\/sv\/produkt\/contessa-picatinny-skena-howa-1500-long-action\/","title":{"rendered":"Contessa Picatinny-skena Howa 1500 Long Action"},"content":{"rendered":"<h2>Contessa Picatinny-skena Howa 1500 Long Action<\/h2>\n<p>Precisionsfrest Picatinny-skena fr\u00e5n Contessa (Italien), designad specifikt f\u00f6r Howa 1500 Long Action-l\u00e5shus. Tillverkad av CNC-bearbetat st\u00e5l med h\u00e5rd svart yta; stabil plattform f\u00f6r montering av kikarsikten och tillbeh\u00f6r.<\/p>\n<h3>Viktiga egenskaper<\/h3>\n<ul>\n<li>Passar till Howa 1500 Long Action<\/li>\n<li>MIL-STD 1913 Picatinny-profil<\/li>\n<li>CNC-bearbetad st\u00e5lkonstruktion<\/li>\n<li>H\u00e5rd svart yta<\/li>\n<li>Italienskt hantverk fr\u00e5n Contessa<\/li>\n<\/ul>\n<h3>Specifikationer<\/h3>\n<table>\n<tr>\n<td><strong>Passar till<\/strong><\/td>\n<td>Howa 1500 Long Action<\/td>\n<\/tr>\n<tr>\n<td><strong>Standard<\/strong><\/td>\n<td>MIL-STD 1913 Picatinny<\/td>\n<\/tr>\n<tr>\n<td><strong>Material<\/strong><\/td>\n<td>St\u00e5l, h\u00e5rd svart yta<\/td>\n<\/tr>\n<tr>\n<td><strong>Tillverkare<\/strong><\/td>\n<td>Contessa (Italien)<\/td>\n<\/tr>\n<\/table>\n","protected":false},"excerpt":{"rendered":"<p>Italiensk Contessa Picatinny-skena f\u00f6r kikarsikten p\u00e5 Howa 1500 Long Action bolt-action gev\u00e4r. Precisions-CNC-frest st\u00e5l.<\/p>\n","protected":false},"featured_media":756298,"template":"","meta":{"_acf_changed":false},"product_brand":[],"product_cat":[14896,15851,13067],"product_tag":[],"class_list":{"0":"post-755627","1":"product","2":"type-product","3":"status-publish","4":"has-post-thumbnail","6":"product_cat-mounts-sv","7":"product_cat-picatinny-rails-sv","8":"product_cat-skenor","10":"first","11":"instock","12":"taxable","13":"shipping-taxable","14":"purchasable","15":"product-type-simple"},"acf":[],"_links":{"self":[{"href":"https:\/\/nbg.eu\/sv\/wp-json\/wp\/v2\/product\/755627","targetHints":{"allow":["GET"]}}],"collection":[{"href":"https:\/\/nbg.eu\/sv\/wp-json\/wp\/v2\/product"}],"about":[{"href":"https:\/\/nbg.eu\/sv\/wp-json\/wp\/v2\/types\/product"}],"wp:featuredmedia":[{"embeddable":true,"href":"https:\/\/nbg.eu\/sv\/wp-json\/wp\/v2\/media\/756298"}],"wp:attachment":[{"href":"https:\/\/nbg.eu\/sv\/wp-json\/wp\/v2\/media?parent=755627"}],"wp:term":[{"taxonomy":"product_brand","embeddable":true,"href":"https:\/\/nbg.eu\/sv\/wp-json\/wp\/v2\/product_brand?post=755627"},{"taxonomy":"product_cat","embeddable":true,"href":"https:\/\/nbg.eu\/sv\/wp-json\/wp\/v2\/product_cat?post=755627"},{"taxonomy":"product_tag","embeddable":true,"href":"https:\/\/nbg.eu\/sv\/wp-json\/wp\/v2\/product_tag?post=755627"}],"curies":[{"name":"wp","href":"https:\/\/api.w.org\/{rel}","templated":true}]}}