{"id":83635,"date":"2024-11-27T08:29:48","date_gmt":"2024-11-27T08:29:48","guid":{"rendered":"https:\/\/nbg.eu\/product\/geissele-ak-trigger-ultimate-with-lightning-bow-akt-ul\/"},"modified":"2026-05-13T16:52:19","modified_gmt":"2026-05-13T13:52:19","slug":"geissele-ak-trigger-ultimate-with-lightning-bow-akt-ul","status":"publish","type":"product","link":"https:\/\/nbg.eu\/sv\/produkt\/geissele-ak-trigger-ultimate-with-lightning-bow-akt-ul\/","title":{"rendered":"Geissele Avtryckare AK Ultimate with Lightning Bow (AKT-UL)"},"content":{"rendered":"<div class=\"product-description\">\n<h2>Geissele AK Avtryckare Ultimate med Lightning Bow (AKT-UL)<\/h2>\n<p>AKT-UL \u00e4r en avtryckare f\u00f6r AK47 eller AK74. Denna enstegad avtryckare har f\u00f6ljande egenskaper:<\/p>\n<ul>\n<li>Kortare avtryckarstr\u00e4cka och tydligare \u00e5terst\u00e4llning<\/li>\n<li>Tillverkad av legerat st\u00e5l<\/li>\n<li>Lightning Bow-design<\/li>\n<li>Tillverkad i USA, bidrar till 922(r) \u00f6verensst\u00e4mmelse<\/li>\n<\/ul>\n<p>AKT-UL \u00e4r avsedd f\u00f6r precisionsskytte. Observera: Professionell installation rekommenderas p\u00e5 grund av eventuella anpassningskrav. Ej kompatibel med 12 gauge och 308 \/ 7.62x54r varianter.<\/p>\n<\/div>\n","protected":false},"excerpt":{"rendered":"<p>Precisions-AK-avtryckare med Lightning Bow f\u00f6r f\u00f6rb\u00e4ttrad kontroll och k\u00e4nsla.<\/p>\n","protected":false},"featured_media":82204,"template":"","meta":{"_acf_changed":false},"product_brand":[11396],"product_cat":[12991,13065,13053,13014],"product_tag":[],"class_list":{"0":"post-83635","1":"product","2":"type-product","3":"status-publish","4":"has-post-thumbnail","6":"product_brand-geissele","7":"product_cat-ak-tuning","8":"product_cat-avtryckare","9":"product_cat-gevaer","10":"product_cat-gevaerstuning","12":"first","13":"instock","14":"taxable","15":"shipping-taxable","16":"product-type-simple"},"acf":[],"_links":{"self":[{"href":"https:\/\/nbg.eu\/sv\/wp-json\/wp\/v2\/product\/83635","targetHints":{"allow":["GET"]}}],"collection":[{"href":"https:\/\/nbg.eu\/sv\/wp-json\/wp\/v2\/product"}],"about":[{"href":"https:\/\/nbg.eu\/sv\/wp-json\/wp\/v2\/types\/product"}],"wp:featuredmedia":[{"embeddable":true,"href":"https:\/\/nbg.eu\/sv\/wp-json\/wp\/v2\/media\/82204"}],"wp:attachment":[{"href":"https:\/\/nbg.eu\/sv\/wp-json\/wp\/v2\/media?parent=83635"}],"wp:term":[{"taxonomy":"product_brand","embeddable":true,"href":"https:\/\/nbg.eu\/sv\/wp-json\/wp\/v2\/product_brand?post=83635"},{"taxonomy":"product_cat","embeddable":true,"href":"https:\/\/nbg.eu\/sv\/wp-json\/wp\/v2\/product_cat?post=83635"},{"taxonomy":"product_tag","embeddable":true,"href":"https:\/\/nbg.eu\/sv\/wp-json\/wp\/v2\/product_tag?post=83635"}],"curies":[{"name":"wp","href":"https:\/\/api.w.org\/{rel}","templated":true}]}}